{"id":3319,"date":"2023-07-19T11:52:34","date_gmt":"2023-07-19T11:52:34","guid":{"rendered":"https:\/\/fhh.znl.mybluehost.me\/produkt\/prowadnica-prostokatna\/"},"modified":"2023-09-19T16:45:18","modified_gmt":"2023-09-19T16:45:18","slug":"prowadnica-prostokatna","status":"publish","type":"product","link":"https:\/\/verton.pl\/ru\/produkt\/prowadnica-prostokatna\/","title":{"rendered":"\u0421\u041a\u041e\u0411\u0410 \u0422\u0415\u041d\u0422\u041e\u0412\u0410\u042f \u041f\u0420\u042f\u041c\u041e\u0423\u0413\u041e\u041b\u042c\u041d\u0410\u042f"},"content":{"rendered":"<p><img decoding=\"async\" loading=\"lazy\" class=\"alignnone size-full wp-image-389\" src=\"https:\/\/fhh.znl.mybluehost.me\/wp-content\/uploads\/2023\/07\/prowadnica-prostokatna-tab.webp\" alt=\"\" width=\"500\" height=\"204\" srcset=\"https:\/\/verton.pl\/wp-content\/uploads\/2023\/07\/prowadnica-prostokatna-tab.webp 500w, https:\/\/verton.pl\/wp-content\/uploads\/2023\/07\/prowadnica-prostokatna-tab-150x61.webp 150w, https:\/\/verton.pl\/wp-content\/uploads\/2023\/07\/prowadnica-prostokatna-tab-480x196.webp 480w\" sizes=\"auto, (max-width:767px) 480px, 500px\" \/><\/p>\n","protected":false},"excerpt":{"rendered":"","protected":false},"featured_media":3320,"template":"","meta":{"nf_dc_page":""},"product_brand":[],"product_cat":[339],"product_tag":[],"class_list":{"0":"post-3319","1":"product","2":"type-product","3":"status-publish","4":"has-post-thumbnail","6":"product_cat-prowadnice-plandekowe-ru","8":"first","9":"instock","10":"shipping-taxable","11":"product-type-simple"},"yoast_head":"<!-- This site is optimized with the Yoast SEO plugin v27.2 - https:\/\/yoast.com\/product\/yoast-seo-wordpress\/ -->\n<title>\u0421\u041a\u041e\u0411\u0410 \u0422\u0415\u041d\u0422\u041e\u0412\u0410\u042f \u041f\u0420\u042f\u041c\u041e\u0423\u0413\u041e\u041b\u042c\u041d\u0410\u042f - Verton<\/title>\n<meta name=\"description\" content=\"\u0421\u041a\u041e\u0411\u0410 \u0422\u0415\u041d\u0422\u041e\u0412\u0410\u042f \u041f\u0420\u042f\u041c\u041e\u0423\u0413\u041e\u041b\u042c\u041d\u0410\u042f\" \/>\n<meta name=\"robots\" content=\"index, follow, max-snippet:-1, max-image-preview:large, max-video-preview:-1\" \/>\n<link rel=\"canonical\" href=\"https:\/\/verton.pl\/ru\/produkt\/prowadnica-prostokatna\/\" \/>\n<meta property=\"og:locale\" content=\"ru_RU\" \/>\n<meta property=\"og:type\" content=\"article\" \/>\n<meta property=\"og:title\" content=\"\u0421\u041a\u041e\u0411\u0410 \u0422\u0415\u041d\u0422\u041e\u0412\u0410\u042f \u041f\u0420\u042f\u041c\u041e\u0423\u0413\u041e\u041b\u042c\u041d\u0410\u042f - Verton\" \/>\n<meta property=\"og:description\" content=\"\u0421\u041a\u041e\u0411\u0410 \u0422\u0415\u041d\u0422\u041e\u0412\u0410\u042f \u041f\u0420\u042f\u041c\u041e\u0423\u0413\u041e\u041b\u042c\u041d\u0410\u042f\" \/>\n<meta property=\"og:url\" content=\"https:\/\/verton.pl\/ru\/produkt\/prowadnica-prostokatna\/\" \/>\n<meta property=\"og:site_name\" content=\"Verton - producent akcesori\u00f3w plandekowych\" \/>\n<meta property=\"article:modified_time\" content=\"2023-09-19T16:45:18+00:00\" \/>\n<meta property=\"og:image\" content=\"https:\/\/verton.pl\/wp-content\/uploads\/2023\/07\/prowadnica-prostokatna.webp\" \/>\n\t<meta property=\"og:image:width\" content=\"400\" \/>\n\t<meta property=\"og:image:height\" content=\"400\" \/>\n\t<meta property=\"og:image:type\" content=\"image\/webp\" \/>\n<meta name=\"twitter:card\" content=\"summary_large_image\" \/>\n<script type=\"application\/ld+json\" class=\"yoast-schema-graph\">{\"@context\":\"https:\/\/schema.org\",\"@graph\":[{\"@type\":\"WebPage\",\"@id\":\"https:\/\/verton.pl\/ru\/produkt\/prowadnica-prostokatna\/\",\"url\":\"https:\/\/verton.pl\/ru\/produkt\/prowadnica-prostokatna\/\",\"name\":\"\u0421\u041a\u041e\u0411\u0410 \u0422\u0415\u041d\u0422\u041e\u0412\u0410\u042f \u041f\u0420\u042f\u041c\u041e\u0423\u0413\u041e\u041b\u042c\u041d\u0410\u042f - Verton\",\"isPartOf\":{\"@id\":\"https:\/\/verton.pl\/ru\/#website\"},\"primaryImageOfPage\":{\"@id\":\"https:\/\/verton.pl\/ru\/produkt\/prowadnica-prostokatna\/#primaryimage\"},\"image\":{\"@id\":\"https:\/\/verton.pl\/ru\/produkt\/prowadnica-prostokatna\/#primaryimage\"},\"thumbnailUrl\":\"https:\/\/verton.pl\/wp-content\/uploads\/2023\/07\/prowadnica-prostokatna.webp\",\"datePublished\":\"2023-07-19T11:52:34+00:00\",\"dateModified\":\"2023-09-19T16:45:18+00:00\",\"description\":\"\u0421\u041a\u041e\u0411\u0410 \u0422\u0415\u041d\u0422\u041e\u0412\u0410\u042f \u041f\u0420\u042f\u041c\u041e\u0423\u0413\u041e\u041b\u042c\u041d\u0410\u042f\",\"breadcrumb\":{\"@id\":\"https:\/\/verton.pl\/ru\/produkt\/prowadnica-prostokatna\/#breadcrumb\"},\"inLanguage\":\"ru-RU\",\"potentialAction\":[{\"@type\":\"ReadAction\",\"target\":[\"https:\/\/verton.pl\/ru\/produkt\/prowadnica-prostokatna\/\"]}]},{\"@type\":\"ImageObject\",\"inLanguage\":\"ru-RU\",\"@id\":\"https:\/\/verton.pl\/ru\/produkt\/prowadnica-prostokatna\/#primaryimage\",\"url\":\"https:\/\/verton.pl\/wp-content\/uploads\/2023\/07\/prowadnica-prostokatna.webp\",\"contentUrl\":\"https:\/\/verton.pl\/wp-content\/uploads\/2023\/07\/prowadnica-prostokatna.webp\",\"width\":400,\"height\":400},{\"@type\":\"BreadcrumbList\",\"@id\":\"https:\/\/verton.pl\/ru\/produkt\/prowadnica-prostokatna\/#breadcrumb\",\"itemListElement\":[{\"@type\":\"ListItem\",\"position\":1,\"name\":\"Home\",\"item\":\"https:\/\/verton.pl\/ru\/\"},{\"@type\":\"ListItem\",\"position\":2,\"name\":\"\u041f\u0440\u043e\u0434\u0443\u043a\u0442\u044b\",\"item\":\"https:\/\/verton.pl\/ru\/products-ru\/\"},{\"@type\":\"ListItem\",\"position\":3,\"name\":\"\u0421\u041a\u041e\u0411\u0410 \u0422\u0415\u041d\u0422\u041e\u0412\u0410\u042f \u041f\u0420\u042f\u041c\u041e\u0423\u0413\u041e\u041b\u042c\u041d\u0410\u042f\"}]},{\"@type\":\"WebSite\",\"@id\":\"https:\/\/verton.pl\/ru\/#website\",\"url\":\"https:\/\/verton.pl\/ru\/\",\"name\":\"Verton - producent akcesori\u00f3w plandekowych\",\"description\":\"Akcesoria i materia\u0142y plandekowe najwy\u017cszej jako\u015bci\",\"alternateName\":\"Verton - akcesoria plandekowe\",\"potentialAction\":[{\"@type\":\"SearchAction\",\"target\":{\"@type\":\"EntryPoint\",\"urlTemplate\":\"https:\/\/verton.pl\/ru\/?s={search_term_string}\"},\"query-input\":{\"@type\":\"PropertyValueSpecification\",\"valueRequired\":true,\"valueName\":\"search_term_string\"}}],\"inLanguage\":\"ru-RU\"}]}<\/script>\n<!-- \/ Yoast SEO plugin. -->","yoast_head_json":{"title":"\u0421\u041a\u041e\u0411\u0410 \u0422\u0415\u041d\u0422\u041e\u0412\u0410\u042f \u041f\u0420\u042f\u041c\u041e\u0423\u0413\u041e\u041b\u042c\u041d\u0410\u042f - Verton","description":"\u0421\u041a\u041e\u0411\u0410 \u0422\u0415\u041d\u0422\u041e\u0412\u0410\u042f \u041f\u0420\u042f\u041c\u041e\u0423\u0413\u041e\u041b\u042c\u041d\u0410\u042f","robots":{"index":"index","follow":"follow","max-snippet":"max-snippet:-1","max-image-preview":"max-image-preview:large","max-video-preview":"max-video-preview:-1"},"canonical":"https:\/\/verton.pl\/ru\/produkt\/prowadnica-prostokatna\/","og_locale":"ru_RU","og_type":"article","og_title":"\u0421\u041a\u041e\u0411\u0410 \u0422\u0415\u041d\u0422\u041e\u0412\u0410\u042f \u041f\u0420\u042f\u041c\u041e\u0423\u0413\u041e\u041b\u042c\u041d\u0410\u042f - Verton","og_description":"\u0421\u041a\u041e\u0411\u0410 \u0422\u0415\u041d\u0422\u041e\u0412\u0410\u042f \u041f\u0420\u042f\u041c\u041e\u0423\u0413\u041e\u041b\u042c\u041d\u0410\u042f","og_url":"https:\/\/verton.pl\/ru\/produkt\/prowadnica-prostokatna\/","og_site_name":"Verton - producent akcesori\u00f3w plandekowych","article_modified_time":"2023-09-19T16:45:18+00:00","og_image":[{"width":400,"height":400,"url":"https:\/\/verton.pl\/wp-content\/uploads\/2023\/07\/prowadnica-prostokatna.webp","type":"image\/webp"}],"twitter_card":"summary_large_image","schema":{"@context":"https:\/\/schema.org","@graph":[{"@type":"WebPage","@id":"https:\/\/verton.pl\/ru\/produkt\/prowadnica-prostokatna\/","url":"https:\/\/verton.pl\/ru\/produkt\/prowadnica-prostokatna\/","name":"\u0421\u041a\u041e\u0411\u0410 \u0422\u0415\u041d\u0422\u041e\u0412\u0410\u042f \u041f\u0420\u042f\u041c\u041e\u0423\u0413\u041e\u041b\u042c\u041d\u0410\u042f - Verton","isPartOf":{"@id":"https:\/\/verton.pl\/ru\/#website"},"primaryImageOfPage":{"@id":"https:\/\/verton.pl\/ru\/produkt\/prowadnica-prostokatna\/#primaryimage"},"image":{"@id":"https:\/\/verton.pl\/ru\/produkt\/prowadnica-prostokatna\/#primaryimage"},"thumbnailUrl":"https:\/\/verton.pl\/wp-content\/uploads\/2023\/07\/prowadnica-prostokatna.webp","datePublished":"2023-07-19T11:52:34+00:00","dateModified":"2023-09-19T16:45:18+00:00","description":"\u0421\u041a\u041e\u0411\u0410 \u0422\u0415\u041d\u0422\u041e\u0412\u0410\u042f \u041f\u0420\u042f\u041c\u041e\u0423\u0413\u041e\u041b\u042c\u041d\u0410\u042f","breadcrumb":{"@id":"https:\/\/verton.pl\/ru\/produkt\/prowadnica-prostokatna\/#breadcrumb"},"inLanguage":"ru-RU","potentialAction":[{"@type":"ReadAction","target":["https:\/\/verton.pl\/ru\/produkt\/prowadnica-prostokatna\/"]}]},{"@type":"ImageObject","inLanguage":"ru-RU","@id":"https:\/\/verton.pl\/ru\/produkt\/prowadnica-prostokatna\/#primaryimage","url":"https:\/\/verton.pl\/wp-content\/uploads\/2023\/07\/prowadnica-prostokatna.webp","contentUrl":"https:\/\/verton.pl\/wp-content\/uploads\/2023\/07\/prowadnica-prostokatna.webp","width":400,"height":400},{"@type":"BreadcrumbList","@id":"https:\/\/verton.pl\/ru\/produkt\/prowadnica-prostokatna\/#breadcrumb","itemListElement":[{"@type":"ListItem","position":1,"name":"Home","item":"https:\/\/verton.pl\/ru\/"},{"@type":"ListItem","position":2,"name":"\u041f\u0440\u043e\u0434\u0443\u043a\u0442\u044b","item":"https:\/\/verton.pl\/ru\/products-ru\/"},{"@type":"ListItem","position":3,"name":"\u0421\u041a\u041e\u0411\u0410 \u0422\u0415\u041d\u0422\u041e\u0412\u0410\u042f \u041f\u0420\u042f\u041c\u041e\u0423\u0413\u041e\u041b\u042c\u041d\u0410\u042f"}]},{"@type":"WebSite","@id":"https:\/\/verton.pl\/ru\/#website","url":"https:\/\/verton.pl\/ru\/","name":"Verton - producent akcesori\u00f3w plandekowych","description":"Akcesoria i materia\u0142y plandekowe najwy\u017cszej jako\u015bci","alternateName":"Verton - akcesoria plandekowe","potentialAction":[{"@type":"SearchAction","target":{"@type":"EntryPoint","urlTemplate":"https:\/\/verton.pl\/ru\/?s={search_term_string}"},"query-input":{"@type":"PropertyValueSpecification","valueRequired":true,"valueName":"search_term_string"}}],"inLanguage":"ru-RU"}]}},"_links":{"self":[{"href":"https:\/\/verton.pl\/ru\/wp-json\/wp\/v2\/product\/3319","targetHints":{"allow":["GET"]}}],"collection":[{"href":"https:\/\/verton.pl\/ru\/wp-json\/wp\/v2\/product"}],"about":[{"href":"https:\/\/verton.pl\/ru\/wp-json\/wp\/v2\/types\/product"}],"wp:featuredmedia":[{"embeddable":true,"href":"https:\/\/verton.pl\/ru\/wp-json\/wp\/v2\/media\/3320"}],"wp:attachment":[{"href":"https:\/\/verton.pl\/ru\/wp-json\/wp\/v2\/media?parent=3319"}],"wp:term":[{"taxonomy":"product_brand","embeddable":true,"href":"https:\/\/verton.pl\/ru\/wp-json\/wp\/v2\/product_brand?post=3319"},{"taxonomy":"product_cat","embeddable":true,"href":"https:\/\/verton.pl\/ru\/wp-json\/wp\/v2\/product_cat?post=3319"},{"taxonomy":"product_tag","embeddable":true,"href":"https:\/\/verton.pl\/ru\/wp-json\/wp\/v2\/product_tag?post=3319"}],"curies":[{"name":"wp","href":"https:\/\/api.w.org\/{rel}","templated":true}]}}