{"id":2816,"date":"2023-08-01T11:56:04","date_gmt":"2023-08-01T11:56:04","guid":{"rendered":"https:\/\/fhh.znl.mybluehost.me\/produkt\/pas-z-hakiem-plaskim-nierdzewnym\/"},"modified":"2023-09-19T17:50:08","modified_gmt":"2023-09-19T17:50:08","slug":"pas-z-hakiem-plaskim-nierdzewnym","status":"publish","type":"product","link":"https:\/\/verton.pl\/ru\/produkt\/pas-z-hakiem-plaskim-nierdzewnym\/","title":{"rendered":"\u0420\u0415\u041c\u0415\u041d\u042c \u041d\u0410\u0422\u042f\u0416\u0415\u041d\u0418\u042f \u0421 \u041d\u0415\u0420\u0416\u0410\u0412\u0415\u042e\u0429\u0418\u041c \u041f\u041b\u041e\u0421\u041a\u0418\u041c \u041a\u0420\u042e\u041a\u041e\u041c \u0414\u041b\u042f \u0417\u0410\u041c\u041a\u0410"},"content":{"rendered":"<p><img decoding=\"async\" loading=\"lazy\" class=\"alignnone size-full wp-image-1955\" src=\"https:\/\/fhh.znl.mybluehost.me\/wp-content\/uploads\/2023\/08\/pas-z-hakiem-plaskim-nierdzewnym-tab.webp\" alt=\"\" width=\"500\" height=\"155\" srcset=\"https:\/\/verton.pl\/wp-content\/uploads\/2023\/08\/pas-z-hakiem-plaskim-nierdzewnym-tab.webp 500w, https:\/\/verton.pl\/wp-content\/uploads\/2023\/08\/pas-z-hakiem-plaskim-nierdzewnym-tab-150x47.webp 150w, https:\/\/verton.pl\/wp-content\/uploads\/2023\/08\/pas-z-hakiem-plaskim-nierdzewnym-tab-480x149.webp 480w\" sizes=\"auto, (max-width:767px) 480px, 500px\" \/><\/p>\n","protected":false},"excerpt":{"rendered":"","protected":false},"featured_media":1942,"template":"","meta":{"nf_dc_page":""},"product_brand":[],"product_cat":[322],"product_tag":[],"class_list":{"0":"post-2816","1":"product","2":"type-product","3":"status-publish","4":"has-post-thumbnail","6":"product_cat-klamry-pasy-rolki-ru","8":"first","9":"instock","10":"shipping-taxable","11":"product-type-simple"},"yoast_head":"<!-- This site is optimized with the Yoast SEO plugin v27.2 - https:\/\/yoast.com\/product\/yoast-seo-wordpress\/ -->\n<title>\u0420\u0415\u041c\u0415\u041d\u042c \u041d\u0410\u0422\u042f\u0416\u0415\u041d\u0418\u042f \u0421 \u041d\u0415\u0420\u0416\u0410\u0412\u0415\u042e\u0429\u0418\u041c \u041f\u041b\u041e\u0421\u041a\u0418\u041c \u041a\u0420\u042e\u041a\u041e\u041c \u0414\u041b\u042f \u0417\u0410\u041c\u041a\u0410 - Verton<\/title>\n<meta name=\"description\" content=\"\u0420\u0415\u041c\u0415\u041d\u042c \u041d\u0410\u0422\u042f\u0416\u0415\u041d\u0418\u042f \u0421 \u041d\u0415\u0420\u0416\u0410\u0412\u0415\u042e\u0429\u0418\u041c \u041f\u041b\u041e\u0421\u041a\u0418\u041c \u041a\u0420\u042e\u041a\u041e\u041c \u0414\u041b\u042f \u0417\u0410\u041c\u041a\u0410\" \/>\n<meta name=\"robots\" content=\"index, follow, max-snippet:-1, max-image-preview:large, max-video-preview:-1\" \/>\n<link rel=\"canonical\" href=\"https:\/\/verton.pl\/ru\/produkt\/pas-z-hakiem-plaskim-nierdzewnym\/\" \/>\n<meta property=\"og:locale\" content=\"ru_RU\" \/>\n<meta property=\"og:type\" content=\"article\" \/>\n<meta property=\"og:title\" content=\"\u0420\u0415\u041c\u0415\u041d\u042c \u041d\u0410\u0422\u042f\u0416\u0415\u041d\u0418\u042f \u0421 \u041d\u0415\u0420\u0416\u0410\u0412\u0415\u042e\u0429\u0418\u041c \u041f\u041b\u041e\u0421\u041a\u0418\u041c \u041a\u0420\u042e\u041a\u041e\u041c \u0414\u041b\u042f \u0417\u0410\u041c\u041a\u0410 - Verton\" \/>\n<meta property=\"og:description\" content=\"\u0420\u0415\u041c\u0415\u041d\u042c \u041d\u0410\u0422\u042f\u0416\u0415\u041d\u0418\u042f \u0421 \u041d\u0415\u0420\u0416\u0410\u0412\u0415\u042e\u0429\u0418\u041c \u041f\u041b\u041e\u0421\u041a\u0418\u041c \u041a\u0420\u042e\u041a\u041e\u041c \u0414\u041b\u042f \u0417\u0410\u041c\u041a\u0410\" \/>\n<meta property=\"og:url\" content=\"https:\/\/verton.pl\/ru\/produkt\/pas-z-hakiem-plaskim-nierdzewnym\/\" \/>\n<meta property=\"og:site_name\" content=\"Verton - producent akcesori\u00f3w plandekowych\" \/>\n<meta property=\"article:modified_time\" content=\"2023-09-19T17:50:08+00:00\" \/>\n<meta property=\"og:image\" content=\"https:\/\/verton.pl\/wp-content\/uploads\/2023\/08\/pas-z-hakiem-plaskim-nierdzewnym.webp\" \/>\n\t<meta property=\"og:image:width\" content=\"1622\" \/>\n\t<meta property=\"og:image:height\" content=\"1622\" \/>\n\t<meta property=\"og:image:type\" content=\"image\/webp\" \/>\n<meta name=\"twitter:card\" content=\"summary_large_image\" \/>\n<script type=\"application\/ld+json\" class=\"yoast-schema-graph\">{\"@context\":\"https:\/\/schema.org\",\"@graph\":[{\"@type\":\"WebPage\",\"@id\":\"https:\/\/verton.pl\/ru\/produkt\/pas-z-hakiem-plaskim-nierdzewnym\/\",\"url\":\"https:\/\/verton.pl\/ru\/produkt\/pas-z-hakiem-plaskim-nierdzewnym\/\",\"name\":\"\u0420\u0415\u041c\u0415\u041d\u042c \u041d\u0410\u0422\u042f\u0416\u0415\u041d\u0418\u042f \u0421 \u041d\u0415\u0420\u0416\u0410\u0412\u0415\u042e\u0429\u0418\u041c \u041f\u041b\u041e\u0421\u041a\u0418\u041c \u041a\u0420\u042e\u041a\u041e\u041c \u0414\u041b\u042f \u0417\u0410\u041c\u041a\u0410 - Verton\",\"isPartOf\":{\"@id\":\"https:\/\/verton.pl\/ru\/#website\"},\"primaryImageOfPage\":{\"@id\":\"https:\/\/verton.pl\/ru\/produkt\/pas-z-hakiem-plaskim-nierdzewnym\/#primaryimage\"},\"image\":{\"@id\":\"https:\/\/verton.pl\/ru\/produkt\/pas-z-hakiem-plaskim-nierdzewnym\/#primaryimage\"},\"thumbnailUrl\":\"https:\/\/verton.pl\/wp-content\/uploads\/2023\/08\/pas-z-hakiem-plaskim-nierdzewnym.webp\",\"datePublished\":\"2023-08-01T11:56:04+00:00\",\"dateModified\":\"2023-09-19T17:50:08+00:00\",\"description\":\"\u0420\u0415\u041c\u0415\u041d\u042c \u041d\u0410\u0422\u042f\u0416\u0415\u041d\u0418\u042f \u0421 \u041d\u0415\u0420\u0416\u0410\u0412\u0415\u042e\u0429\u0418\u041c \u041f\u041b\u041e\u0421\u041a\u0418\u041c \u041a\u0420\u042e\u041a\u041e\u041c \u0414\u041b\u042f \u0417\u0410\u041c\u041a\u0410\",\"breadcrumb\":{\"@id\":\"https:\/\/verton.pl\/ru\/produkt\/pas-z-hakiem-plaskim-nierdzewnym\/#breadcrumb\"},\"inLanguage\":\"ru-RU\",\"potentialAction\":[{\"@type\":\"ReadAction\",\"target\":[\"https:\/\/verton.pl\/ru\/produkt\/pas-z-hakiem-plaskim-nierdzewnym\/\"]}]},{\"@type\":\"ImageObject\",\"inLanguage\":\"ru-RU\",\"@id\":\"https:\/\/verton.pl\/ru\/produkt\/pas-z-hakiem-plaskim-nierdzewnym\/#primaryimage\",\"url\":\"https:\/\/verton.pl\/wp-content\/uploads\/2023\/08\/pas-z-hakiem-plaskim-nierdzewnym.webp\",\"contentUrl\":\"https:\/\/verton.pl\/wp-content\/uploads\/2023\/08\/pas-z-hakiem-plaskim-nierdzewnym.webp\",\"width\":1622,\"height\":1622},{\"@type\":\"BreadcrumbList\",\"@id\":\"https:\/\/verton.pl\/ru\/produkt\/pas-z-hakiem-plaskim-nierdzewnym\/#breadcrumb\",\"itemListElement\":[{\"@type\":\"ListItem\",\"position\":1,\"name\":\"Home\",\"item\":\"https:\/\/verton.pl\/ru\/\"},{\"@type\":\"ListItem\",\"position\":2,\"name\":\"\u041f\u0440\u043e\u0434\u0443\u043a\u0442\u044b\",\"item\":\"https:\/\/verton.pl\/ru\/products-ru\/\"},{\"@type\":\"ListItem\",\"position\":3,\"name\":\"\u0420\u0415\u041c\u0415\u041d\u042c \u041d\u0410\u0422\u042f\u0416\u0415\u041d\u0418\u042f \u0421 \u041d\u0415\u0420\u0416\u0410\u0412\u0415\u042e\u0429\u0418\u041c \u041f\u041b\u041e\u0421\u041a\u0418\u041c \u041a\u0420\u042e\u041a\u041e\u041c \u0414\u041b\u042f \u0417\u0410\u041c\u041a\u0410\"}]},{\"@type\":\"WebSite\",\"@id\":\"https:\/\/verton.pl\/ru\/#website\",\"url\":\"https:\/\/verton.pl\/ru\/\",\"name\":\"Verton - producent akcesori\u00f3w plandekowych\",\"description\":\"Akcesoria i materia\u0142y plandekowe najwy\u017cszej jako\u015bci\",\"alternateName\":\"Verton - akcesoria plandekowe\",\"potentialAction\":[{\"@type\":\"SearchAction\",\"target\":{\"@type\":\"EntryPoint\",\"urlTemplate\":\"https:\/\/verton.pl\/ru\/?s={search_term_string}\"},\"query-input\":{\"@type\":\"PropertyValueSpecification\",\"valueRequired\":true,\"valueName\":\"search_term_string\"}}],\"inLanguage\":\"ru-RU\"}]}<\/script>\n<!-- \/ Yoast SEO plugin. -->","yoast_head_json":{"title":"\u0420\u0415\u041c\u0415\u041d\u042c \u041d\u0410\u0422\u042f\u0416\u0415\u041d\u0418\u042f \u0421 \u041d\u0415\u0420\u0416\u0410\u0412\u0415\u042e\u0429\u0418\u041c \u041f\u041b\u041e\u0421\u041a\u0418\u041c \u041a\u0420\u042e\u041a\u041e\u041c \u0414\u041b\u042f \u0417\u0410\u041c\u041a\u0410 - Verton","description":"\u0420\u0415\u041c\u0415\u041d\u042c \u041d\u0410\u0422\u042f\u0416\u0415\u041d\u0418\u042f \u0421 \u041d\u0415\u0420\u0416\u0410\u0412\u0415\u042e\u0429\u0418\u041c \u041f\u041b\u041e\u0421\u041a\u0418\u041c \u041a\u0420\u042e\u041a\u041e\u041c \u0414\u041b\u042f \u0417\u0410\u041c\u041a\u0410","robots":{"index":"index","follow":"follow","max-snippet":"max-snippet:-1","max-image-preview":"max-image-preview:large","max-video-preview":"max-video-preview:-1"},"canonical":"https:\/\/verton.pl\/ru\/produkt\/pas-z-hakiem-plaskim-nierdzewnym\/","og_locale":"ru_RU","og_type":"article","og_title":"\u0420\u0415\u041c\u0415\u041d\u042c \u041d\u0410\u0422\u042f\u0416\u0415\u041d\u0418\u042f \u0421 \u041d\u0415\u0420\u0416\u0410\u0412\u0415\u042e\u0429\u0418\u041c \u041f\u041b\u041e\u0421\u041a\u0418\u041c \u041a\u0420\u042e\u041a\u041e\u041c \u0414\u041b\u042f \u0417\u0410\u041c\u041a\u0410 - Verton","og_description":"\u0420\u0415\u041c\u0415\u041d\u042c \u041d\u0410\u0422\u042f\u0416\u0415\u041d\u0418\u042f \u0421 \u041d\u0415\u0420\u0416\u0410\u0412\u0415\u042e\u0429\u0418\u041c \u041f\u041b\u041e\u0421\u041a\u0418\u041c \u041a\u0420\u042e\u041a\u041e\u041c \u0414\u041b\u042f \u0417\u0410\u041c\u041a\u0410","og_url":"https:\/\/verton.pl\/ru\/produkt\/pas-z-hakiem-plaskim-nierdzewnym\/","og_site_name":"Verton - producent akcesori\u00f3w plandekowych","article_modified_time":"2023-09-19T17:50:08+00:00","og_image":[{"width":1622,"height":1622,"url":"https:\/\/verton.pl\/wp-content\/uploads\/2023\/08\/pas-z-hakiem-plaskim-nierdzewnym.webp","type":"image\/webp"}],"twitter_card":"summary_large_image","schema":{"@context":"https:\/\/schema.org","@graph":[{"@type":"WebPage","@id":"https:\/\/verton.pl\/ru\/produkt\/pas-z-hakiem-plaskim-nierdzewnym\/","url":"https:\/\/verton.pl\/ru\/produkt\/pas-z-hakiem-plaskim-nierdzewnym\/","name":"\u0420\u0415\u041c\u0415\u041d\u042c \u041d\u0410\u0422\u042f\u0416\u0415\u041d\u0418\u042f \u0421 \u041d\u0415\u0420\u0416\u0410\u0412\u0415\u042e\u0429\u0418\u041c \u041f\u041b\u041e\u0421\u041a\u0418\u041c \u041a\u0420\u042e\u041a\u041e\u041c \u0414\u041b\u042f \u0417\u0410\u041c\u041a\u0410 - Verton","isPartOf":{"@id":"https:\/\/verton.pl\/ru\/#website"},"primaryImageOfPage":{"@id":"https:\/\/verton.pl\/ru\/produkt\/pas-z-hakiem-plaskim-nierdzewnym\/#primaryimage"},"image":{"@id":"https:\/\/verton.pl\/ru\/produkt\/pas-z-hakiem-plaskim-nierdzewnym\/#primaryimage"},"thumbnailUrl":"https:\/\/verton.pl\/wp-content\/uploads\/2023\/08\/pas-z-hakiem-plaskim-nierdzewnym.webp","datePublished":"2023-08-01T11:56:04+00:00","dateModified":"2023-09-19T17:50:08+00:00","description":"\u0420\u0415\u041c\u0415\u041d\u042c \u041d\u0410\u0422\u042f\u0416\u0415\u041d\u0418\u042f \u0421 \u041d\u0415\u0420\u0416\u0410\u0412\u0415\u042e\u0429\u0418\u041c \u041f\u041b\u041e\u0421\u041a\u0418\u041c \u041a\u0420\u042e\u041a\u041e\u041c \u0414\u041b\u042f \u0417\u0410\u041c\u041a\u0410","breadcrumb":{"@id":"https:\/\/verton.pl\/ru\/produkt\/pas-z-hakiem-plaskim-nierdzewnym\/#breadcrumb"},"inLanguage":"ru-RU","potentialAction":[{"@type":"ReadAction","target":["https:\/\/verton.pl\/ru\/produkt\/pas-z-hakiem-plaskim-nierdzewnym\/"]}]},{"@type":"ImageObject","inLanguage":"ru-RU","@id":"https:\/\/verton.pl\/ru\/produkt\/pas-z-hakiem-plaskim-nierdzewnym\/#primaryimage","url":"https:\/\/verton.pl\/wp-content\/uploads\/2023\/08\/pas-z-hakiem-plaskim-nierdzewnym.webp","contentUrl":"https:\/\/verton.pl\/wp-content\/uploads\/2023\/08\/pas-z-hakiem-plaskim-nierdzewnym.webp","width":1622,"height":1622},{"@type":"BreadcrumbList","@id":"https:\/\/verton.pl\/ru\/produkt\/pas-z-hakiem-plaskim-nierdzewnym\/#breadcrumb","itemListElement":[{"@type":"ListItem","position":1,"name":"Home","item":"https:\/\/verton.pl\/ru\/"},{"@type":"ListItem","position":2,"name":"\u041f\u0440\u043e\u0434\u0443\u043a\u0442\u044b","item":"https:\/\/verton.pl\/ru\/products-ru\/"},{"@type":"ListItem","position":3,"name":"\u0420\u0415\u041c\u0415\u041d\u042c \u041d\u0410\u0422\u042f\u0416\u0415\u041d\u0418\u042f \u0421 \u041d\u0415\u0420\u0416\u0410\u0412\u0415\u042e\u0429\u0418\u041c \u041f\u041b\u041e\u0421\u041a\u0418\u041c \u041a\u0420\u042e\u041a\u041e\u041c \u0414\u041b\u042f \u0417\u0410\u041c\u041a\u0410"}]},{"@type":"WebSite","@id":"https:\/\/verton.pl\/ru\/#website","url":"https:\/\/verton.pl\/ru\/","name":"Verton - producent akcesori\u00f3w plandekowych","description":"Akcesoria i materia\u0142y plandekowe najwy\u017cszej jako\u015bci","alternateName":"Verton - akcesoria plandekowe","potentialAction":[{"@type":"SearchAction","target":{"@type":"EntryPoint","urlTemplate":"https:\/\/verton.pl\/ru\/?s={search_term_string}"},"query-input":{"@type":"PropertyValueSpecification","valueRequired":true,"valueName":"search_term_string"}}],"inLanguage":"ru-RU"}]}},"_links":{"self":[{"href":"https:\/\/verton.pl\/ru\/wp-json\/wp\/v2\/product\/2816","targetHints":{"allow":["GET"]}}],"collection":[{"href":"https:\/\/verton.pl\/ru\/wp-json\/wp\/v2\/product"}],"about":[{"href":"https:\/\/verton.pl\/ru\/wp-json\/wp\/v2\/types\/product"}],"wp:featuredmedia":[{"embeddable":true,"href":"https:\/\/verton.pl\/ru\/wp-json\/wp\/v2\/media\/1942"}],"wp:attachment":[{"href":"https:\/\/verton.pl\/ru\/wp-json\/wp\/v2\/media?parent=2816"}],"wp:term":[{"taxonomy":"product_brand","embeddable":true,"href":"https:\/\/verton.pl\/ru\/wp-json\/wp\/v2\/product_brand?post=2816"},{"taxonomy":"product_cat","embeddable":true,"href":"https:\/\/verton.pl\/ru\/wp-json\/wp\/v2\/product_cat?post=2816"},{"taxonomy":"product_tag","embeddable":true,"href":"https:\/\/verton.pl\/ru\/wp-json\/wp\/v2\/product_tag?post=2816"}],"curies":[{"name":"wp","href":"https:\/\/api.w.org\/{rel}","templated":true}]}}