{"id":593,"date":"2022-05-31T14:48:12","date_gmt":"2022-05-31T14:48:12","guid":{"rendered":"https:\/\/fhh.znl.mybluehost.me\/%d0%be-%d0%bd%d0%b0%d1%81\/"},"modified":"2024-01-17T00:29:05","modified_gmt":"2024-01-17T00:29:05","slug":"about-us-ru","status":"publish","type":"page","link":"https:\/\/verton.pl\/ru\/about-us-ru\/","title":{"rendered":"\u041e \u043d\u0430\u0441"},"content":{"rendered":"","protected":false},"excerpt":{"rendered":"","protected":false},"author":1,"featured_media":0,"parent":0,"menu_order":0,"comment_status":"open","ping_status":"closed","template":"","meta":{"nf_dc_page":"","footnotes":""},"class_list":["post-593","page","type-page","status-publish","hentry"],"yoast_head":"<!-- This site is optimized with the Yoast SEO plugin v27.2 - https:\/\/yoast.com\/product\/yoast-seo-wordpress\/ -->\n<title>\u041e \u043d\u0430\u0441 - Verton - \u041f\u0440\u043e\u0438\u0437\u0432\u043e\u0434\u0438\u0442\u0435\u043b\u044c \u0442\u0435\u043d\u0442\u043e\u0432\u044b\u0445 \u0430\u043a\u0441\u0435\u0441\u0441\u0443\u0430\u0440\u043e\u0432<\/title>\n<meta name=\"description\" content=\"\u041c\u044b \u043f\u0440\u043e\u0438\u0437\u0432\u043e\u0434\u0438\u043c \u0442\u0435\u043d\u0442\u043e\u0432\u0443\u044e \u0444\u0443\u0440\u043d\u0438\u0442\u0443\u0440\u0443 \u0432\u044b\u0441\u043e\u0447\u0430\u0439\u0448\u0435\u0433\u043e \u043a\u0430\u0447\u0435\u0441\u0442\u0432\u0430, \u043a\u043e\u0442\u043e\u0440\u0430\u044f \u0443\u0436\u0435 \u0431\u043e\u043b\u0435\u0435 30 \u043b\u0435\u0442 \u0446\u0435\u043d\u0438\u0442\u0441\u044f \u043d\u0430\u0448\u0438\u043c\u0438 \u043a\u043b\u0438\u0435\u043d\u0442\u0430\u043c\u0438 \u043f\u043e \u0432\u0441\u0435\u043c\u0443 \u043c\u0438\u0440\u0443.\" \/>\n<meta name=\"robots\" content=\"index, follow, max-snippet:-1, max-image-preview:large, max-video-preview:-1\" \/>\n<link rel=\"canonical\" href=\"https:\/\/verton.pl\/ru\/about-us-ru\/\" \/>\n<meta property=\"og:locale\" content=\"ru_RU\" \/>\n<meta property=\"og:type\" content=\"article\" \/>\n<meta property=\"og:title\" content=\"\u041e \u043d\u0430\u0441 - Verton - \u041f\u0440\u043e\u0438\u0437\u0432\u043e\u0434\u0438\u0442\u0435\u043b\u044c \u0442\u0435\u043d\u0442\u043e\u0432\u044b\u0445 \u0430\u043a\u0441\u0435\u0441\u0441\u0443\u0430\u0440\u043e\u0432\" \/>\n<meta property=\"og:description\" content=\"\u041c\u044b \u043f\u0440\u043e\u0438\u0437\u0432\u043e\u0434\u0438\u043c \u0442\u0435\u043d\u0442\u043e\u0432\u0443\u044e \u0444\u0443\u0440\u043d\u0438\u0442\u0443\u0440\u0443 \u0432\u044b\u0441\u043e\u0447\u0430\u0439\u0448\u0435\u0433\u043e \u043a\u0430\u0447\u0435\u0441\u0442\u0432\u0430, \u043a\u043e\u0442\u043e\u0440\u0430\u044f \u0443\u0436\u0435 \u0431\u043e\u043b\u0435\u0435 30 \u043b\u0435\u0442 \u0446\u0435\u043d\u0438\u0442\u0441\u044f \u043d\u0430\u0448\u0438\u043c\u0438 \u043a\u043b\u0438\u0435\u043d\u0442\u0430\u043c\u0438 \u043f\u043e \u0432\u0441\u0435\u043c\u0443 \u043c\u0438\u0440\u0443.\" \/>\n<meta property=\"og:url\" content=\"https:\/\/verton.pl\/ru\/about-us-ru\/\" \/>\n<meta property=\"og:site_name\" content=\"Verton - producent akcesori\u00f3w plandekowych\" \/>\n<meta property=\"article:modified_time\" content=\"2024-01-17T00:29:05+00:00\" \/>\n<meta property=\"og:image\" content=\"https:\/\/verton.pl\/wp-content\/uploads\/2023\/10\/Verton.pl_-_Verton_-_producent_akcesoriow_plandekowych_-_2023-10-28_15.54.29.png\" \/>\n\t<meta property=\"og:image:width\" content=\"1891\" \/>\n\t<meta property=\"og:image:height\" content=\"930\" \/>\n\t<meta property=\"og:image:type\" content=\"image\/png\" \/>\n<meta name=\"twitter:card\" content=\"summary_large_image\" \/>\n<script type=\"application\/ld+json\" class=\"yoast-schema-graph\">{\"@context\":\"https:\/\/schema.org\",\"@graph\":[{\"@type\":\"WebPage\",\"@id\":\"https:\/\/verton.pl\/ru\/about-us-ru\/\",\"url\":\"https:\/\/verton.pl\/ru\/about-us-ru\/\",\"name\":\"\u041e \u043d\u0430\u0441 - Verton - \u041f\u0440\u043e\u0438\u0437\u0432\u043e\u0434\u0438\u0442\u0435\u043b\u044c \u0442\u0435\u043d\u0442\u043e\u0432\u044b\u0445 \u0430\u043a\u0441\u0435\u0441\u0441\u0443\u0430\u0440\u043e\u0432\",\"isPartOf\":{\"@id\":\"https:\/\/verton.pl\/ru\/#website\"},\"datePublished\":\"2022-05-31T14:48:12+00:00\",\"dateModified\":\"2024-01-17T00:29:05+00:00\",\"description\":\"\u041c\u044b \u043f\u0440\u043e\u0438\u0437\u0432\u043e\u0434\u0438\u043c \u0442\u0435\u043d\u0442\u043e\u0432\u0443\u044e \u0444\u0443\u0440\u043d\u0438\u0442\u0443\u0440\u0443 \u0432\u044b\u0441\u043e\u0447\u0430\u0439\u0448\u0435\u0433\u043e \u043a\u0430\u0447\u0435\u0441\u0442\u0432\u0430, \u043a\u043e\u0442\u043e\u0440\u0430\u044f \u0443\u0436\u0435 \u0431\u043e\u043b\u0435\u0435 30 \u043b\u0435\u0442 \u0446\u0435\u043d\u0438\u0442\u0441\u044f \u043d\u0430\u0448\u0438\u043c\u0438 \u043a\u043b\u0438\u0435\u043d\u0442\u0430\u043c\u0438 \u043f\u043e \u0432\u0441\u0435\u043c\u0443 \u043c\u0438\u0440\u0443.\",\"breadcrumb\":{\"@id\":\"https:\/\/verton.pl\/ru\/about-us-ru\/#breadcrumb\"},\"inLanguage\":\"ru-RU\",\"potentialAction\":[{\"@type\":\"ReadAction\",\"target\":[\"https:\/\/verton.pl\/ru\/about-us-ru\/\"]}]},{\"@type\":\"BreadcrumbList\",\"@id\":\"https:\/\/verton.pl\/ru\/about-us-ru\/#breadcrumb\",\"itemListElement\":[{\"@type\":\"ListItem\",\"position\":1,\"name\":\"Home\",\"item\":\"https:\/\/verton.pl\/ru\/\"},{\"@type\":\"ListItem\",\"position\":2,\"name\":\"\u041e \u043d\u0430\u0441\"}]},{\"@type\":\"WebSite\",\"@id\":\"https:\/\/verton.pl\/ru\/#website\",\"url\":\"https:\/\/verton.pl\/ru\/\",\"name\":\"Verton - producent akcesori\u00f3w plandekowych\",\"description\":\"Akcesoria i materia\u0142y plandekowe najwy\u017cszej jako\u015bci\",\"alternateName\":\"Verton - akcesoria plandekowe\",\"potentialAction\":[{\"@type\":\"SearchAction\",\"target\":{\"@type\":\"EntryPoint\",\"urlTemplate\":\"https:\/\/verton.pl\/ru\/?s={search_term_string}\"},\"query-input\":{\"@type\":\"PropertyValueSpecification\",\"valueRequired\":true,\"valueName\":\"search_term_string\"}}],\"inLanguage\":\"ru-RU\"}]}<\/script>\n<!-- \/ Yoast SEO plugin. -->","yoast_head_json":{"title":"\u041e \u043d\u0430\u0441 - Verton - \u041f\u0440\u043e\u0438\u0437\u0432\u043e\u0434\u0438\u0442\u0435\u043b\u044c \u0442\u0435\u043d\u0442\u043e\u0432\u044b\u0445 \u0430\u043a\u0441\u0435\u0441\u0441\u0443\u0430\u0440\u043e\u0432","description":"\u041c\u044b \u043f\u0440\u043e\u0438\u0437\u0432\u043e\u0434\u0438\u043c \u0442\u0435\u043d\u0442\u043e\u0432\u0443\u044e \u0444\u0443\u0440\u043d\u0438\u0442\u0443\u0440\u0443 \u0432\u044b\u0441\u043e\u0447\u0430\u0439\u0448\u0435\u0433\u043e \u043a\u0430\u0447\u0435\u0441\u0442\u0432\u0430, \u043a\u043e\u0442\u043e\u0440\u0430\u044f \u0443\u0436\u0435 \u0431\u043e\u043b\u0435\u0435 30 \u043b\u0435\u0442 \u0446\u0435\u043d\u0438\u0442\u0441\u044f \u043d\u0430\u0448\u0438\u043c\u0438 \u043a\u043b\u0438\u0435\u043d\u0442\u0430\u043c\u0438 \u043f\u043e \u0432\u0441\u0435\u043c\u0443 \u043c\u0438\u0440\u0443.","robots":{"index":"index","follow":"follow","max-snippet":"max-snippet:-1","max-image-preview":"max-image-preview:large","max-video-preview":"max-video-preview:-1"},"canonical":"https:\/\/verton.pl\/ru\/about-us-ru\/","og_locale":"ru_RU","og_type":"article","og_title":"\u041e \u043d\u0430\u0441 - Verton - \u041f\u0440\u043e\u0438\u0437\u0432\u043e\u0434\u0438\u0442\u0435\u043b\u044c \u0442\u0435\u043d\u0442\u043e\u0432\u044b\u0445 \u0430\u043a\u0441\u0435\u0441\u0441\u0443\u0430\u0440\u043e\u0432","og_description":"\u041c\u044b \u043f\u0440\u043e\u0438\u0437\u0432\u043e\u0434\u0438\u043c \u0442\u0435\u043d\u0442\u043e\u0432\u0443\u044e \u0444\u0443\u0440\u043d\u0438\u0442\u0443\u0440\u0443 \u0432\u044b\u0441\u043e\u0447\u0430\u0439\u0448\u0435\u0433\u043e \u043a\u0430\u0447\u0435\u0441\u0442\u0432\u0430, \u043a\u043e\u0442\u043e\u0440\u0430\u044f \u0443\u0436\u0435 \u0431\u043e\u043b\u0435\u0435 30 \u043b\u0435\u0442 \u0446\u0435\u043d\u0438\u0442\u0441\u044f \u043d\u0430\u0448\u0438\u043c\u0438 \u043a\u043b\u0438\u0435\u043d\u0442\u0430\u043c\u0438 \u043f\u043e \u0432\u0441\u0435\u043c\u0443 \u043c\u0438\u0440\u0443.","og_url":"https:\/\/verton.pl\/ru\/about-us-ru\/","og_site_name":"Verton - producent akcesori\u00f3w plandekowych","article_modified_time":"2024-01-17T00:29:05+00:00","og_image":[{"width":1891,"height":930,"url":"https:\/\/verton.pl\/wp-content\/uploads\/2023\/10\/Verton.pl_-_Verton_-_producent_akcesoriow_plandekowych_-_2023-10-28_15.54.29.png","type":"image\/png"}],"twitter_card":"summary_large_image","schema":{"@context":"https:\/\/schema.org","@graph":[{"@type":"WebPage","@id":"https:\/\/verton.pl\/ru\/about-us-ru\/","url":"https:\/\/verton.pl\/ru\/about-us-ru\/","name":"\u041e \u043d\u0430\u0441 - Verton - \u041f\u0440\u043e\u0438\u0437\u0432\u043e\u0434\u0438\u0442\u0435\u043b\u044c \u0442\u0435\u043d\u0442\u043e\u0432\u044b\u0445 \u0430\u043a\u0441\u0435\u0441\u0441\u0443\u0430\u0440\u043e\u0432","isPartOf":{"@id":"https:\/\/verton.pl\/ru\/#website"},"datePublished":"2022-05-31T14:48:12+00:00","dateModified":"2024-01-17T00:29:05+00:00","description":"\u041c\u044b \u043f\u0440\u043e\u0438\u0437\u0432\u043e\u0434\u0438\u043c \u0442\u0435\u043d\u0442\u043e\u0432\u0443\u044e \u0444\u0443\u0440\u043d\u0438\u0442\u0443\u0440\u0443 \u0432\u044b\u0441\u043e\u0447\u0430\u0439\u0448\u0435\u0433\u043e \u043a\u0430\u0447\u0435\u0441\u0442\u0432\u0430, \u043a\u043e\u0442\u043e\u0440\u0430\u044f \u0443\u0436\u0435 \u0431\u043e\u043b\u0435\u0435 30 \u043b\u0435\u0442 \u0446\u0435\u043d\u0438\u0442\u0441\u044f \u043d\u0430\u0448\u0438\u043c\u0438 \u043a\u043b\u0438\u0435\u043d\u0442\u0430\u043c\u0438 \u043f\u043e \u0432\u0441\u0435\u043c\u0443 \u043c\u0438\u0440\u0443.","breadcrumb":{"@id":"https:\/\/verton.pl\/ru\/about-us-ru\/#breadcrumb"},"inLanguage":"ru-RU","potentialAction":[{"@type":"ReadAction","target":["https:\/\/verton.pl\/ru\/about-us-ru\/"]}]},{"@type":"BreadcrumbList","@id":"https:\/\/verton.pl\/ru\/about-us-ru\/#breadcrumb","itemListElement":[{"@type":"ListItem","position":1,"name":"Home","item":"https:\/\/verton.pl\/ru\/"},{"@type":"ListItem","position":2,"name":"\u041e \u043d\u0430\u0441"}]},{"@type":"WebSite","@id":"https:\/\/verton.pl\/ru\/#website","url":"https:\/\/verton.pl\/ru\/","name":"Verton - producent akcesori\u00f3w plandekowych","description":"Akcesoria i materia\u0142y plandekowe najwy\u017cszej jako\u015bci","alternateName":"Verton - akcesoria plandekowe","potentialAction":[{"@type":"SearchAction","target":{"@type":"EntryPoint","urlTemplate":"https:\/\/verton.pl\/ru\/?s={search_term_string}"},"query-input":{"@type":"PropertyValueSpecification","valueRequired":true,"valueName":"search_term_string"}}],"inLanguage":"ru-RU"}]}},"_links":{"self":[{"href":"https:\/\/verton.pl\/ru\/wp-json\/wp\/v2\/pages\/593","targetHints":{"allow":["GET"]}}],"collection":[{"href":"https:\/\/verton.pl\/ru\/wp-json\/wp\/v2\/pages"}],"about":[{"href":"https:\/\/verton.pl\/ru\/wp-json\/wp\/v2\/types\/page"}],"author":[{"embeddable":true,"href":"https:\/\/verton.pl\/ru\/wp-json\/wp\/v2\/users\/1"}],"replies":[{"embeddable":true,"href":"https:\/\/verton.pl\/ru\/wp-json\/wp\/v2\/comments?post=593"}],"version-history":[{"count":3,"href":"https:\/\/verton.pl\/ru\/wp-json\/wp\/v2\/pages\/593\/revisions"}],"predecessor-version":[{"id":3735,"href":"https:\/\/verton.pl\/ru\/wp-json\/wp\/v2\/pages\/593\/revisions\/3735"}],"wp:attachment":[{"href":"https:\/\/verton.pl\/ru\/wp-json\/wp\/v2\/media?parent=593"}],"curies":[{"name":"wp","href":"https:\/\/api.w.org\/{rel}","templated":true}]}}