{"id":3637,"date":"2023-07-20T11:41:13","date_gmt":"2023-07-20T11:41:13","guid":{"rendered":"https:\/\/fhh.znl.mybluehost.me\/produkt\/naciag-ekspandorowy-17-30-cm\/"},"modified":"2023-09-18T20:24:56","modified_gmt":"2023-09-18T20:24:56","slug":"expandor-loop-17-30-cm","status":"publish","type":"product","link":"https:\/\/verton.pl\/en\/produkt\/expandor-loop-17-30-cm\/","title":{"rendered":"EXPANDOR LOOP 17-30 cm"},"content":{"rendered":"<p><img decoding=\"async\" loading=\"lazy\" class=\"alignnone size-full wp-image-539\" src=\"https:\/\/fhh.znl.mybluehost.me\/wp-content\/uploads\/2023\/07\/naciag-ekspandorowy-petla-17-30cm.webp\" alt=\"\" width=\"500\" height=\"196\" srcset=\"https:\/\/verton.pl\/wp-content\/uploads\/2023\/07\/naciag-ekspandorowy-petla-17-30cm.webp 500w, https:\/\/verton.pl\/wp-content\/uploads\/2023\/07\/naciag-ekspandorowy-petla-17-30cm-150x59.webp 150w, https:\/\/verton.pl\/wp-content\/uploads\/2023\/07\/naciag-ekspandorowy-petla-17-30cm-480x188.webp 480w\" sizes=\"auto, (max-width:767px) 480px, 500px\" \/><\/p>\n","protected":false},"excerpt":{"rendered":"","protected":false},"featured_media":3639,"template":"","meta":{"nf_dc_page":""},"product_brand":[],"product_cat":[336],"product_tag":[],"class_list":{"0":"post-3637","1":"product","2":"type-product","3":"status-publish","4":"has-post-thumbnail","6":"product_cat-bungees-ropes-tensioners","8":"first","9":"instock","10":"shipping-taxable","11":"product-type-simple"},"yoast_head":"<!-- This site is optimized with the Yoast SEO plugin v27.2 - https:\/\/yoast.com\/product\/yoast-seo-wordpress\/ -->\n<title>EXPANDOR LOOP 17-30 cm - Verton<\/title>\n<meta name=\"description\" content=\"EXPANDOR LOOP 17-30 cm\" \/>\n<meta name=\"robots\" content=\"index, follow, max-snippet:-1, max-image-preview:large, max-video-preview:-1\" \/>\n<link rel=\"canonical\" href=\"https:\/\/verton.pl\/en\/produkt\/expandor-loop-17-30-cm\/\" \/>\n<meta property=\"og:locale\" content=\"en_US\" \/>\n<meta property=\"og:type\" content=\"article\" \/>\n<meta property=\"og:title\" content=\"EXPANDOR LOOP 17-30 cm - Verton\" \/>\n<meta property=\"og:description\" content=\"EXPANDOR LOOP 17-30 cm\" \/>\n<meta property=\"og:url\" content=\"https:\/\/verton.pl\/en\/produkt\/expandor-loop-17-30-cm\/\" \/>\n<meta property=\"og:site_name\" content=\"Verton - producent akcesori\u00f3w plandekowych\" \/>\n<meta property=\"article:modified_time\" content=\"2023-09-18T20:24:56+00:00\" \/>\n<meta property=\"og:image\" content=\"https:\/\/verton.pl\/wp-content\/uploads\/2023\/07\/naciag-ekspandorowy-petla-02.webp\" \/>\n\t<meta property=\"og:image:width\" content=\"400\" \/>\n\t<meta property=\"og:image:height\" content=\"400\" \/>\n\t<meta property=\"og:image:type\" content=\"image\/webp\" \/>\n<meta name=\"twitter:card\" content=\"summary_large_image\" \/>\n<meta name=\"twitter:label1\" content=\"Est. reading time\" \/>\n\t<meta name=\"twitter:data1\" content=\"1 minute\" \/>\n<script type=\"application\/ld+json\" class=\"yoast-schema-graph\">{\"@context\":\"https:\/\/schema.org\",\"@graph\":[{\"@type\":\"WebPage\",\"@id\":\"https:\/\/verton.pl\/en\/produkt\/expandor-loop-17-30-cm\/\",\"url\":\"https:\/\/verton.pl\/en\/produkt\/expandor-loop-17-30-cm\/\",\"name\":\"EXPANDOR LOOP 17-30 cm - Verton\",\"isPartOf\":{\"@id\":\"https:\/\/verton.pl\/en\/#website\"},\"primaryImageOfPage\":{\"@id\":\"https:\/\/verton.pl\/en\/produkt\/expandor-loop-17-30-cm\/#primaryimage\"},\"image\":{\"@id\":\"https:\/\/verton.pl\/en\/produkt\/expandor-loop-17-30-cm\/#primaryimage\"},\"thumbnailUrl\":\"https:\/\/verton.pl\/wp-content\/uploads\/2023\/07\/naciag-ekspandorowy-petla-02.webp\",\"datePublished\":\"2023-07-20T11:41:13+00:00\",\"dateModified\":\"2023-09-18T20:24:56+00:00\",\"description\":\"EXPANDOR LOOP 17-30 cm\",\"breadcrumb\":{\"@id\":\"https:\/\/verton.pl\/en\/produkt\/expandor-loop-17-30-cm\/#breadcrumb\"},\"inLanguage\":\"en-US\",\"potentialAction\":[{\"@type\":\"ReadAction\",\"target\":[\"https:\/\/verton.pl\/en\/produkt\/expandor-loop-17-30-cm\/\"]}]},{\"@type\":\"ImageObject\",\"inLanguage\":\"en-US\",\"@id\":\"https:\/\/verton.pl\/en\/produkt\/expandor-loop-17-30-cm\/#primaryimage\",\"url\":\"https:\/\/verton.pl\/wp-content\/uploads\/2023\/07\/naciag-ekspandorowy-petla-02.webp\",\"contentUrl\":\"https:\/\/verton.pl\/wp-content\/uploads\/2023\/07\/naciag-ekspandorowy-petla-02.webp\",\"width\":400,\"height\":400},{\"@type\":\"BreadcrumbList\",\"@id\":\"https:\/\/verton.pl\/en\/produkt\/expandor-loop-17-30-cm\/#breadcrumb\",\"itemListElement\":[{\"@type\":\"ListItem\",\"position\":1,\"name\":\"Home\",\"item\":\"https:\/\/verton.pl\/en\/\"},{\"@type\":\"ListItem\",\"position\":2,\"name\":\"Products\",\"item\":\"https:\/\/verton.pl\/en\/products\/\"},{\"@type\":\"ListItem\",\"position\":3,\"name\":\"EXPANDOR LOOP 17-30 cm\"}]},{\"@type\":\"WebSite\",\"@id\":\"https:\/\/verton.pl\/en\/#website\",\"url\":\"https:\/\/verton.pl\/en\/\",\"name\":\"Verton - producent akcesori\u00f3w plandekowych\",\"description\":\"Najwy\u017cszej jako\u015bci akcesoria plandekowe i materia\u0142y PVC.\",\"alternateName\":\"Verton - akcesoria plandekowe\",\"potentialAction\":[{\"@type\":\"SearchAction\",\"target\":{\"@type\":\"EntryPoint\",\"urlTemplate\":\"https:\/\/verton.pl\/en\/?s={search_term_string}\"},\"query-input\":{\"@type\":\"PropertyValueSpecification\",\"valueRequired\":true,\"valueName\":\"search_term_string\"}}],\"inLanguage\":\"en-US\"}]}<\/script>\n<!-- \/ Yoast SEO plugin. -->","yoast_head_json":{"title":"EXPANDOR LOOP 17-30 cm - Verton","description":"EXPANDOR LOOP 17-30 cm","robots":{"index":"index","follow":"follow","max-snippet":"max-snippet:-1","max-image-preview":"max-image-preview:large","max-video-preview":"max-video-preview:-1"},"canonical":"https:\/\/verton.pl\/en\/produkt\/expandor-loop-17-30-cm\/","og_locale":"en_US","og_type":"article","og_title":"EXPANDOR LOOP 17-30 cm - Verton","og_description":"EXPANDOR LOOP 17-30 cm","og_url":"https:\/\/verton.pl\/en\/produkt\/expandor-loop-17-30-cm\/","og_site_name":"Verton - producent akcesori\u00f3w plandekowych","article_modified_time":"2023-09-18T20:24:56+00:00","og_image":[{"width":400,"height":400,"url":"https:\/\/verton.pl\/wp-content\/uploads\/2023\/07\/naciag-ekspandorowy-petla-02.webp","type":"image\/webp"}],"twitter_card":"summary_large_image","twitter_misc":{"Est. reading time":"1 minute"},"schema":{"@context":"https:\/\/schema.org","@graph":[{"@type":"WebPage","@id":"https:\/\/verton.pl\/en\/produkt\/expandor-loop-17-30-cm\/","url":"https:\/\/verton.pl\/en\/produkt\/expandor-loop-17-30-cm\/","name":"EXPANDOR LOOP 17-30 cm - Verton","isPartOf":{"@id":"https:\/\/verton.pl\/en\/#website"},"primaryImageOfPage":{"@id":"https:\/\/verton.pl\/en\/produkt\/expandor-loop-17-30-cm\/#primaryimage"},"image":{"@id":"https:\/\/verton.pl\/en\/produkt\/expandor-loop-17-30-cm\/#primaryimage"},"thumbnailUrl":"https:\/\/verton.pl\/wp-content\/uploads\/2023\/07\/naciag-ekspandorowy-petla-02.webp","datePublished":"2023-07-20T11:41:13+00:00","dateModified":"2023-09-18T20:24:56+00:00","description":"EXPANDOR LOOP 17-30 cm","breadcrumb":{"@id":"https:\/\/verton.pl\/en\/produkt\/expandor-loop-17-30-cm\/#breadcrumb"},"inLanguage":"en-US","potentialAction":[{"@type":"ReadAction","target":["https:\/\/verton.pl\/en\/produkt\/expandor-loop-17-30-cm\/"]}]},{"@type":"ImageObject","inLanguage":"en-US","@id":"https:\/\/verton.pl\/en\/produkt\/expandor-loop-17-30-cm\/#primaryimage","url":"https:\/\/verton.pl\/wp-content\/uploads\/2023\/07\/naciag-ekspandorowy-petla-02.webp","contentUrl":"https:\/\/verton.pl\/wp-content\/uploads\/2023\/07\/naciag-ekspandorowy-petla-02.webp","width":400,"height":400},{"@type":"BreadcrumbList","@id":"https:\/\/verton.pl\/en\/produkt\/expandor-loop-17-30-cm\/#breadcrumb","itemListElement":[{"@type":"ListItem","position":1,"name":"Home","item":"https:\/\/verton.pl\/en\/"},{"@type":"ListItem","position":2,"name":"Products","item":"https:\/\/verton.pl\/en\/products\/"},{"@type":"ListItem","position":3,"name":"EXPANDOR LOOP 17-30 cm"}]},{"@type":"WebSite","@id":"https:\/\/verton.pl\/en\/#website","url":"https:\/\/verton.pl\/en\/","name":"Verton - producent akcesori\u00f3w plandekowych","description":"Najwy\u017cszej jako\u015bci akcesoria plandekowe i materia\u0142y PVC.","alternateName":"Verton - akcesoria plandekowe","potentialAction":[{"@type":"SearchAction","target":{"@type":"EntryPoint","urlTemplate":"https:\/\/verton.pl\/en\/?s={search_term_string}"},"query-input":{"@type":"PropertyValueSpecification","valueRequired":true,"valueName":"search_term_string"}}],"inLanguage":"en-US"}]}},"_links":{"self":[{"href":"https:\/\/verton.pl\/en\/wp-json\/wp\/v2\/product\/3637","targetHints":{"allow":["GET"]}}],"collection":[{"href":"https:\/\/verton.pl\/en\/wp-json\/wp\/v2\/product"}],"about":[{"href":"https:\/\/verton.pl\/en\/wp-json\/wp\/v2\/types\/product"}],"wp:featuredmedia":[{"embeddable":true,"href":"https:\/\/verton.pl\/en\/wp-json\/wp\/v2\/media\/3639"}],"wp:attachment":[{"href":"https:\/\/verton.pl\/en\/wp-json\/wp\/v2\/media?parent=3637"}],"wp:term":[{"taxonomy":"product_brand","embeddable":true,"href":"https:\/\/verton.pl\/en\/wp-json\/wp\/v2\/product_brand?post=3637"},{"taxonomy":"product_cat","embeddable":true,"href":"https:\/\/verton.pl\/en\/wp-json\/wp\/v2\/product_cat?post=3637"},{"taxonomy":"product_tag","embeddable":true,"href":"https:\/\/verton.pl\/en\/wp-json\/wp\/v2\/product_tag?post=3637"}],"curies":[{"name":"wp","href":"https:\/\/api.w.org\/{rel}","templated":true}]}}