{"id":3529,"date":"2023-07-19T20:30:32","date_gmt":"2023-07-19T20:30:32","guid":{"rendered":"https:\/\/fhh.znl.mybluehost.me\/produkt\/hak-plandekowy-ocynkowany\/"},"modified":"2023-09-18T20:39:35","modified_gmt":"2023-09-18T20:39:35","slug":"truck-hook-zinc-plated","status":"publish","type":"product","link":"https:\/\/verton.pl\/en\/produkt\/truck-hook-zinc-plated\/","title":{"rendered":"TRUCK HOOK ZINC PLATED"},"content":{"rendered":"<p><img decoding=\"async\" loading=\"lazy\" class=\"alignnone size-full wp-image-484\" src=\"https:\/\/fhh.znl.mybluehost.me\/wp-content\/uploads\/2023\/07\/hak-plandekowy-ocynkowany-1.webp\" alt=\"\" width=\"500\" height=\"133\" srcset=\"https:\/\/verton.pl\/wp-content\/uploads\/2023\/07\/hak-plandekowy-ocynkowany-1.webp 500w, https:\/\/verton.pl\/wp-content\/uploads\/2023\/07\/hak-plandekowy-ocynkowany-1-150x40.webp 150w, https:\/\/verton.pl\/wp-content\/uploads\/2023\/07\/hak-plandekowy-ocynkowany-1-480x128.webp 480w\" sizes=\"auto, (max-width:767px) 480px, 500px\" \/><\/p>\n","protected":false},"excerpt":{"rendered":"","protected":false},"featured_media":3531,"template":"","meta":{"nf_dc_page":""},"product_brand":[],"product_cat":[334],"product_tag":[],"class_list":{"0":"post-3529","1":"product","2":"type-product","3":"status-publish","4":"has-post-thumbnail","6":"product_cat-tarpaulin-hooks","8":"first","9":"instock","10":"shipping-taxable","11":"product-type-simple"},"yoast_head":"<!-- This site is optimized with the Yoast SEO plugin v27.2 - https:\/\/yoast.com\/product\/yoast-seo-wordpress\/ -->\n<title>TRUCK HOOK ZINC PLATED - Verton<\/title>\n<meta name=\"description\" content=\"TRUCK HOOK ZINC PLATED\" \/>\n<meta name=\"robots\" content=\"index, follow, max-snippet:-1, max-image-preview:large, max-video-preview:-1\" \/>\n<link rel=\"canonical\" href=\"https:\/\/verton.pl\/en\/produkt\/truck-hook-zinc-plated\/\" \/>\n<meta property=\"og:locale\" content=\"en_US\" \/>\n<meta property=\"og:type\" content=\"article\" \/>\n<meta property=\"og:title\" content=\"TRUCK HOOK ZINC PLATED - Verton\" \/>\n<meta property=\"og:description\" content=\"TRUCK HOOK ZINC PLATED\" \/>\n<meta property=\"og:url\" content=\"https:\/\/verton.pl\/en\/produkt\/truck-hook-zinc-plated\/\" \/>\n<meta property=\"og:site_name\" content=\"Verton - producent akcesori\u00f3w plandekowych\" \/>\n<meta property=\"article:modified_time\" content=\"2023-09-18T20:39:35+00:00\" \/>\n<meta property=\"og:image\" content=\"https:\/\/verton.pl\/wp-content\/uploads\/2023\/07\/hak-plandekowy-ocynkowany.webp\" \/>\n\t<meta property=\"og:image:width\" content=\"400\" \/>\n\t<meta property=\"og:image:height\" content=\"400\" \/>\n\t<meta property=\"og:image:type\" content=\"image\/webp\" \/>\n<meta name=\"twitter:card\" content=\"summary_large_image\" \/>\n<script type=\"application\/ld+json\" class=\"yoast-schema-graph\">{\"@context\":\"https:\/\/schema.org\",\"@graph\":[{\"@type\":\"WebPage\",\"@id\":\"https:\/\/verton.pl\/en\/produkt\/truck-hook-zinc-plated\/\",\"url\":\"https:\/\/verton.pl\/en\/produkt\/truck-hook-zinc-plated\/\",\"name\":\"TRUCK HOOK ZINC PLATED - Verton\",\"isPartOf\":{\"@id\":\"https:\/\/verton.pl\/en\/#website\"},\"primaryImageOfPage\":{\"@id\":\"https:\/\/verton.pl\/en\/produkt\/truck-hook-zinc-plated\/#primaryimage\"},\"image\":{\"@id\":\"https:\/\/verton.pl\/en\/produkt\/truck-hook-zinc-plated\/#primaryimage\"},\"thumbnailUrl\":\"https:\/\/verton.pl\/wp-content\/uploads\/2023\/07\/hak-plandekowy-ocynkowany.webp\",\"datePublished\":\"2023-07-19T20:30:32+00:00\",\"dateModified\":\"2023-09-18T20:39:35+00:00\",\"description\":\"TRUCK HOOK ZINC PLATED\",\"breadcrumb\":{\"@id\":\"https:\/\/verton.pl\/en\/produkt\/truck-hook-zinc-plated\/#breadcrumb\"},\"inLanguage\":\"en-US\",\"potentialAction\":[{\"@type\":\"ReadAction\",\"target\":[\"https:\/\/verton.pl\/en\/produkt\/truck-hook-zinc-plated\/\"]}]},{\"@type\":\"ImageObject\",\"inLanguage\":\"en-US\",\"@id\":\"https:\/\/verton.pl\/en\/produkt\/truck-hook-zinc-plated\/#primaryimage\",\"url\":\"https:\/\/verton.pl\/wp-content\/uploads\/2023\/07\/hak-plandekowy-ocynkowany.webp\",\"contentUrl\":\"https:\/\/verton.pl\/wp-content\/uploads\/2023\/07\/hak-plandekowy-ocynkowany.webp\",\"width\":400,\"height\":400},{\"@type\":\"BreadcrumbList\",\"@id\":\"https:\/\/verton.pl\/en\/produkt\/truck-hook-zinc-plated\/#breadcrumb\",\"itemListElement\":[{\"@type\":\"ListItem\",\"position\":1,\"name\":\"Home\",\"item\":\"https:\/\/verton.pl\/en\/\"},{\"@type\":\"ListItem\",\"position\":2,\"name\":\"Products\",\"item\":\"https:\/\/verton.pl\/en\/products\/\"},{\"@type\":\"ListItem\",\"position\":3,\"name\":\"TRUCK HOOK ZINC PLATED\"}]},{\"@type\":\"WebSite\",\"@id\":\"https:\/\/verton.pl\/en\/#website\",\"url\":\"https:\/\/verton.pl\/en\/\",\"name\":\"Verton - producent akcesori\u00f3w plandekowych\",\"description\":\"Najwy\u017cszej jako\u015bci akcesoria plandekowe i materia\u0142y PVC.\",\"alternateName\":\"Verton - akcesoria plandekowe\",\"potentialAction\":[{\"@type\":\"SearchAction\",\"target\":{\"@type\":\"EntryPoint\",\"urlTemplate\":\"https:\/\/verton.pl\/en\/?s={search_term_string}\"},\"query-input\":{\"@type\":\"PropertyValueSpecification\",\"valueRequired\":true,\"valueName\":\"search_term_string\"}}],\"inLanguage\":\"en-US\"}]}<\/script>\n<!-- \/ Yoast SEO plugin. -->","yoast_head_json":{"title":"TRUCK HOOK ZINC PLATED - Verton","description":"TRUCK HOOK ZINC PLATED","robots":{"index":"index","follow":"follow","max-snippet":"max-snippet:-1","max-image-preview":"max-image-preview:large","max-video-preview":"max-video-preview:-1"},"canonical":"https:\/\/verton.pl\/en\/produkt\/truck-hook-zinc-plated\/","og_locale":"en_US","og_type":"article","og_title":"TRUCK HOOK ZINC PLATED - Verton","og_description":"TRUCK HOOK ZINC PLATED","og_url":"https:\/\/verton.pl\/en\/produkt\/truck-hook-zinc-plated\/","og_site_name":"Verton - producent akcesori\u00f3w plandekowych","article_modified_time":"2023-09-18T20:39:35+00:00","og_image":[{"width":400,"height":400,"url":"https:\/\/verton.pl\/wp-content\/uploads\/2023\/07\/hak-plandekowy-ocynkowany.webp","type":"image\/webp"}],"twitter_card":"summary_large_image","schema":{"@context":"https:\/\/schema.org","@graph":[{"@type":"WebPage","@id":"https:\/\/verton.pl\/en\/produkt\/truck-hook-zinc-plated\/","url":"https:\/\/verton.pl\/en\/produkt\/truck-hook-zinc-plated\/","name":"TRUCK HOOK ZINC PLATED - Verton","isPartOf":{"@id":"https:\/\/verton.pl\/en\/#website"},"primaryImageOfPage":{"@id":"https:\/\/verton.pl\/en\/produkt\/truck-hook-zinc-plated\/#primaryimage"},"image":{"@id":"https:\/\/verton.pl\/en\/produkt\/truck-hook-zinc-plated\/#primaryimage"},"thumbnailUrl":"https:\/\/verton.pl\/wp-content\/uploads\/2023\/07\/hak-plandekowy-ocynkowany.webp","datePublished":"2023-07-19T20:30:32+00:00","dateModified":"2023-09-18T20:39:35+00:00","description":"TRUCK HOOK ZINC PLATED","breadcrumb":{"@id":"https:\/\/verton.pl\/en\/produkt\/truck-hook-zinc-plated\/#breadcrumb"},"inLanguage":"en-US","potentialAction":[{"@type":"ReadAction","target":["https:\/\/verton.pl\/en\/produkt\/truck-hook-zinc-plated\/"]}]},{"@type":"ImageObject","inLanguage":"en-US","@id":"https:\/\/verton.pl\/en\/produkt\/truck-hook-zinc-plated\/#primaryimage","url":"https:\/\/verton.pl\/wp-content\/uploads\/2023\/07\/hak-plandekowy-ocynkowany.webp","contentUrl":"https:\/\/verton.pl\/wp-content\/uploads\/2023\/07\/hak-plandekowy-ocynkowany.webp","width":400,"height":400},{"@type":"BreadcrumbList","@id":"https:\/\/verton.pl\/en\/produkt\/truck-hook-zinc-plated\/#breadcrumb","itemListElement":[{"@type":"ListItem","position":1,"name":"Home","item":"https:\/\/verton.pl\/en\/"},{"@type":"ListItem","position":2,"name":"Products","item":"https:\/\/verton.pl\/en\/products\/"},{"@type":"ListItem","position":3,"name":"TRUCK HOOK ZINC PLATED"}]},{"@type":"WebSite","@id":"https:\/\/verton.pl\/en\/#website","url":"https:\/\/verton.pl\/en\/","name":"Verton - producent akcesori\u00f3w plandekowych","description":"Najwy\u017cszej jako\u015bci akcesoria plandekowe i materia\u0142y PVC.","alternateName":"Verton - akcesoria plandekowe","potentialAction":[{"@type":"SearchAction","target":{"@type":"EntryPoint","urlTemplate":"https:\/\/verton.pl\/en\/?s={search_term_string}"},"query-input":{"@type":"PropertyValueSpecification","valueRequired":true,"valueName":"search_term_string"}}],"inLanguage":"en-US"}]}},"_links":{"self":[{"href":"https:\/\/verton.pl\/en\/wp-json\/wp\/v2\/product\/3529","targetHints":{"allow":["GET"]}}],"collection":[{"href":"https:\/\/verton.pl\/en\/wp-json\/wp\/v2\/product"}],"about":[{"href":"https:\/\/verton.pl\/en\/wp-json\/wp\/v2\/types\/product"}],"wp:featuredmedia":[{"embeddable":true,"href":"https:\/\/verton.pl\/en\/wp-json\/wp\/v2\/media\/3531"}],"wp:attachment":[{"href":"https:\/\/verton.pl\/en\/wp-json\/wp\/v2\/media?parent=3529"}],"wp:term":[{"taxonomy":"product_brand","embeddable":true,"href":"https:\/\/verton.pl\/en\/wp-json\/wp\/v2\/product_brand?post=3529"},{"taxonomy":"product_cat","embeddable":true,"href":"https:\/\/verton.pl\/en\/wp-json\/wp\/v2\/product_cat?post=3529"},{"taxonomy":"product_tag","embeddable":true,"href":"https:\/\/verton.pl\/en\/wp-json\/wp\/v2\/product_tag?post=3529"}],"curies":[{"name":"wp","href":"https:\/\/api.w.org\/{rel}","templated":true}]}}