{"id":3305,"date":"2023-07-19T10:45:55","date_gmt":"2023-07-19T10:45:55","guid":{"rendered":"https:\/\/fhh.znl.mybluehost.me\/produkt\/oczko-owalne-mosiezne-niklowane\/"},"modified":"2023-09-18T20:56:56","modified_gmt":"2023-09-18T20:56:56","slug":"oval-eyelet-brass-nickel-plated","status":"publish","type":"product","link":"https:\/\/verton.pl\/en\/produkt\/oval-eyelet-brass-nickel-plated\/","title":{"rendered":"OVAL EYELET BRASS NICKEL PLATED"},"content":{"rendered":"<p><img decoding=\"async\" loading=\"lazy\" class=\"alignnone size-full wp-image-336\" src=\"https:\/\/fhh.znl.mybluehost.me\/wp-content\/uploads\/2023\/07\/oczko-owalne-niklowane-tab.webp\" alt=\"\" width=\"500\" height=\"163\" srcset=\"https:\/\/verton.pl\/wp-content\/uploads\/2023\/07\/oczko-owalne-niklowane-tab.webp 500w, https:\/\/verton.pl\/wp-content\/uploads\/2023\/07\/oczko-owalne-niklowane-tab-150x49.webp 150w, https:\/\/verton.pl\/wp-content\/uploads\/2023\/07\/oczko-owalne-niklowane-tab-480x156.webp 480w\" sizes=\"auto, (max-width:767px) 480px, 500px\" \/><\/p>\n","protected":false},"excerpt":{"rendered":"","protected":false},"featured_media":3307,"template":"","meta":{"nf_dc_page":""},"product_brand":[],"product_cat":[331],"product_tag":[],"class_list":{"0":"post-3305","1":"product","2":"type-product","3":"status-publish","4":"has-post-thumbnail","6":"product_cat-tarpaulin-eyelets","8":"first","9":"instock","10":"shipping-taxable","11":"product-type-simple"},"yoast_head":"<!-- This site is optimized with the Yoast SEO plugin v27.2 - https:\/\/yoast.com\/product\/yoast-seo-wordpress\/ -->\n<title>OVAL EYELET BRASS NICKEL PLATED - Verton<\/title>\n<meta name=\"description\" content=\"OVAL EYELET BRASS NICKEL PLATED\" \/>\n<meta name=\"robots\" content=\"index, follow, max-snippet:-1, max-image-preview:large, max-video-preview:-1\" \/>\n<link rel=\"canonical\" href=\"https:\/\/verton.pl\/en\/produkt\/oval-eyelet-brass-nickel-plated\/\" \/>\n<meta property=\"og:locale\" content=\"en_US\" \/>\n<meta property=\"og:type\" content=\"article\" \/>\n<meta property=\"og:title\" content=\"OVAL EYELET BRASS NICKEL PLATED - Verton\" \/>\n<meta property=\"og:description\" content=\"OVAL EYELET BRASS NICKEL PLATED\" \/>\n<meta property=\"og:url\" content=\"https:\/\/verton.pl\/en\/produkt\/oval-eyelet-brass-nickel-plated\/\" \/>\n<meta property=\"og:site_name\" content=\"Verton - producent akcesori\u00f3w plandekowych\" \/>\n<meta property=\"article:modified_time\" content=\"2023-09-18T20:56:56+00:00\" \/>\n<meta property=\"og:image\" content=\"https:\/\/verton.pl\/wp-content\/uploads\/2023\/07\/oczko-owalne-niklowane.webp\" \/>\n\t<meta property=\"og:image:width\" content=\"400\" \/>\n\t<meta property=\"og:image:height\" content=\"400\" \/>\n\t<meta property=\"og:image:type\" content=\"image\/webp\" \/>\n<meta name=\"twitter:card\" content=\"summary_large_image\" \/>\n<meta name=\"twitter:label1\" content=\"Est. reading time\" \/>\n\t<meta name=\"twitter:data1\" content=\"1 minute\" \/>\n<script type=\"application\/ld+json\" class=\"yoast-schema-graph\">{\"@context\":\"https:\/\/schema.org\",\"@graph\":[{\"@type\":\"WebPage\",\"@id\":\"https:\/\/verton.pl\/en\/produkt\/oval-eyelet-brass-nickel-plated\/\",\"url\":\"https:\/\/verton.pl\/en\/produkt\/oval-eyelet-brass-nickel-plated\/\",\"name\":\"OVAL EYELET BRASS NICKEL PLATED - Verton\",\"isPartOf\":{\"@id\":\"https:\/\/verton.pl\/en\/#website\"},\"primaryImageOfPage\":{\"@id\":\"https:\/\/verton.pl\/en\/produkt\/oval-eyelet-brass-nickel-plated\/#primaryimage\"},\"image\":{\"@id\":\"https:\/\/verton.pl\/en\/produkt\/oval-eyelet-brass-nickel-plated\/#primaryimage\"},\"thumbnailUrl\":\"https:\/\/verton.pl\/wp-content\/uploads\/2023\/07\/oczko-owalne-niklowane.webp\",\"datePublished\":\"2023-07-19T10:45:55+00:00\",\"dateModified\":\"2023-09-18T20:56:56+00:00\",\"description\":\"OVAL EYELET BRASS NICKEL PLATED\",\"breadcrumb\":{\"@id\":\"https:\/\/verton.pl\/en\/produkt\/oval-eyelet-brass-nickel-plated\/#breadcrumb\"},\"inLanguage\":\"en-US\",\"potentialAction\":[{\"@type\":\"ReadAction\",\"target\":[\"https:\/\/verton.pl\/en\/produkt\/oval-eyelet-brass-nickel-plated\/\"]}]},{\"@type\":\"ImageObject\",\"inLanguage\":\"en-US\",\"@id\":\"https:\/\/verton.pl\/en\/produkt\/oval-eyelet-brass-nickel-plated\/#primaryimage\",\"url\":\"https:\/\/verton.pl\/wp-content\/uploads\/2023\/07\/oczko-owalne-niklowane.webp\",\"contentUrl\":\"https:\/\/verton.pl\/wp-content\/uploads\/2023\/07\/oczko-owalne-niklowane.webp\",\"width\":400,\"height\":400},{\"@type\":\"BreadcrumbList\",\"@id\":\"https:\/\/verton.pl\/en\/produkt\/oval-eyelet-brass-nickel-plated\/#breadcrumb\",\"itemListElement\":[{\"@type\":\"ListItem\",\"position\":1,\"name\":\"Home\",\"item\":\"https:\/\/verton.pl\/en\/\"},{\"@type\":\"ListItem\",\"position\":2,\"name\":\"Products\",\"item\":\"https:\/\/verton.pl\/en\/products\/\"},{\"@type\":\"ListItem\",\"position\":3,\"name\":\"OVAL EYELET BRASS NICKEL PLATED\"}]},{\"@type\":\"WebSite\",\"@id\":\"https:\/\/verton.pl\/en\/#website\",\"url\":\"https:\/\/verton.pl\/en\/\",\"name\":\"Verton - producent akcesori\u00f3w plandekowych\",\"description\":\"Najwy\u017cszej jako\u015bci akcesoria plandekowe i materia\u0142y PVC.\",\"alternateName\":\"Verton - akcesoria plandekowe\",\"potentialAction\":[{\"@type\":\"SearchAction\",\"target\":{\"@type\":\"EntryPoint\",\"urlTemplate\":\"https:\/\/verton.pl\/en\/?s={search_term_string}\"},\"query-input\":{\"@type\":\"PropertyValueSpecification\",\"valueRequired\":true,\"valueName\":\"search_term_string\"}}],\"inLanguage\":\"en-US\"}]}<\/script>\n<!-- \/ Yoast SEO plugin. -->","yoast_head_json":{"title":"OVAL EYELET BRASS NICKEL PLATED - Verton","description":"OVAL EYELET BRASS NICKEL PLATED","robots":{"index":"index","follow":"follow","max-snippet":"max-snippet:-1","max-image-preview":"max-image-preview:large","max-video-preview":"max-video-preview:-1"},"canonical":"https:\/\/verton.pl\/en\/produkt\/oval-eyelet-brass-nickel-plated\/","og_locale":"en_US","og_type":"article","og_title":"OVAL EYELET BRASS NICKEL PLATED - Verton","og_description":"OVAL EYELET BRASS NICKEL PLATED","og_url":"https:\/\/verton.pl\/en\/produkt\/oval-eyelet-brass-nickel-plated\/","og_site_name":"Verton - producent akcesori\u00f3w plandekowych","article_modified_time":"2023-09-18T20:56:56+00:00","og_image":[{"width":400,"height":400,"url":"https:\/\/verton.pl\/wp-content\/uploads\/2023\/07\/oczko-owalne-niklowane.webp","type":"image\/webp"}],"twitter_card":"summary_large_image","twitter_misc":{"Est. reading time":"1 minute"},"schema":{"@context":"https:\/\/schema.org","@graph":[{"@type":"WebPage","@id":"https:\/\/verton.pl\/en\/produkt\/oval-eyelet-brass-nickel-plated\/","url":"https:\/\/verton.pl\/en\/produkt\/oval-eyelet-brass-nickel-plated\/","name":"OVAL EYELET BRASS NICKEL PLATED - Verton","isPartOf":{"@id":"https:\/\/verton.pl\/en\/#website"},"primaryImageOfPage":{"@id":"https:\/\/verton.pl\/en\/produkt\/oval-eyelet-brass-nickel-plated\/#primaryimage"},"image":{"@id":"https:\/\/verton.pl\/en\/produkt\/oval-eyelet-brass-nickel-plated\/#primaryimage"},"thumbnailUrl":"https:\/\/verton.pl\/wp-content\/uploads\/2023\/07\/oczko-owalne-niklowane.webp","datePublished":"2023-07-19T10:45:55+00:00","dateModified":"2023-09-18T20:56:56+00:00","description":"OVAL EYELET BRASS NICKEL PLATED","breadcrumb":{"@id":"https:\/\/verton.pl\/en\/produkt\/oval-eyelet-brass-nickel-plated\/#breadcrumb"},"inLanguage":"en-US","potentialAction":[{"@type":"ReadAction","target":["https:\/\/verton.pl\/en\/produkt\/oval-eyelet-brass-nickel-plated\/"]}]},{"@type":"ImageObject","inLanguage":"en-US","@id":"https:\/\/verton.pl\/en\/produkt\/oval-eyelet-brass-nickel-plated\/#primaryimage","url":"https:\/\/verton.pl\/wp-content\/uploads\/2023\/07\/oczko-owalne-niklowane.webp","contentUrl":"https:\/\/verton.pl\/wp-content\/uploads\/2023\/07\/oczko-owalne-niklowane.webp","width":400,"height":400},{"@type":"BreadcrumbList","@id":"https:\/\/verton.pl\/en\/produkt\/oval-eyelet-brass-nickel-plated\/#breadcrumb","itemListElement":[{"@type":"ListItem","position":1,"name":"Home","item":"https:\/\/verton.pl\/en\/"},{"@type":"ListItem","position":2,"name":"Products","item":"https:\/\/verton.pl\/en\/products\/"},{"@type":"ListItem","position":3,"name":"OVAL EYELET BRASS NICKEL PLATED"}]},{"@type":"WebSite","@id":"https:\/\/verton.pl\/en\/#website","url":"https:\/\/verton.pl\/en\/","name":"Verton - producent akcesori\u00f3w plandekowych","description":"Najwy\u017cszej jako\u015bci akcesoria plandekowe i materia\u0142y PVC.","alternateName":"Verton - akcesoria plandekowe","potentialAction":[{"@type":"SearchAction","target":{"@type":"EntryPoint","urlTemplate":"https:\/\/verton.pl\/en\/?s={search_term_string}"},"query-input":{"@type":"PropertyValueSpecification","valueRequired":true,"valueName":"search_term_string"}}],"inLanguage":"en-US"}]}},"_links":{"self":[{"href":"https:\/\/verton.pl\/en\/wp-json\/wp\/v2\/product\/3305","targetHints":{"allow":["GET"]}}],"collection":[{"href":"https:\/\/verton.pl\/en\/wp-json\/wp\/v2\/product"}],"about":[{"href":"https:\/\/verton.pl\/en\/wp-json\/wp\/v2\/types\/product"}],"wp:featuredmedia":[{"embeddable":true,"href":"https:\/\/verton.pl\/en\/wp-json\/wp\/v2\/media\/3307"}],"wp:attachment":[{"href":"https:\/\/verton.pl\/en\/wp-json\/wp\/v2\/media?parent=3305"}],"wp:term":[{"taxonomy":"product_brand","embeddable":true,"href":"https:\/\/verton.pl\/en\/wp-json\/wp\/v2\/product_brand?post=3305"},{"taxonomy":"product_cat","embeddable":true,"href":"https:\/\/verton.pl\/en\/wp-json\/wp\/v2\/product_cat?post=3305"},{"taxonomy":"product_tag","embeddable":true,"href":"https:\/\/verton.pl\/en\/wp-json\/wp\/v2\/product_tag?post=3305"}],"curies":[{"name":"wp","href":"https:\/\/api.w.org\/{rel}","templated":true}]}}