{"id":3233,"date":"2023-07-19T09:05:51","date_gmt":"2023-07-19T09:05:51","guid":{"rendered":"https:\/\/fhh.znl.mybluehost.me\/produkt\/oczko-okragle-do-zakuwania-automatycznego\/"},"modified":"2023-09-18T21:02:04","modified_gmt":"2023-09-18T21:02:04","slug":"round-eyelet-for-automatic-eyelet-machines","status":"publish","type":"product","link":"https:\/\/verton.pl\/en\/produkt\/round-eyelet-for-automatic-eyelet-machines\/","title":{"rendered":"ROUND EYELET FOR AUTOMATIC EYELET MACHINES"},"content":{"rendered":"<p><img decoding=\"async\" loading=\"lazy\" class=\"alignnone size-full wp-image-329\" src=\"https:\/\/fhh.znl.mybluehost.me\/wp-content\/uploads\/2023\/07\/oczko-okragle-do-zakuwania-tab.png\" alt=\"\" width=\"500\" height=\"116\" srcset=\"https:\/\/verton.pl\/wp-content\/uploads\/2023\/07\/oczko-okragle-do-zakuwania-tab.png 500w, https:\/\/verton.pl\/wp-content\/uploads\/2023\/07\/oczko-okragle-do-zakuwania-tab-150x35.png 150w, https:\/\/verton.pl\/wp-content\/uploads\/2023\/07\/oczko-okragle-do-zakuwania-tab-480x111.png 480w\" sizes=\"auto, (max-width:767px) 480px, 500px\" \/><\/p>\n","protected":false},"excerpt":{"rendered":"","protected":false},"featured_media":3235,"template":"","meta":{"nf_dc_page":""},"product_brand":[],"product_cat":[331],"product_tag":[],"class_list":{"0":"post-3233","1":"product","2":"type-product","3":"status-publish","4":"has-post-thumbnail","6":"product_cat-tarpaulin-eyelets","8":"first","9":"instock","10":"shipping-taxable","11":"product-type-simple"},"yoast_head":"<!-- This site is optimized with the Yoast SEO plugin v27.2 - https:\/\/yoast.com\/product\/yoast-seo-wordpress\/ -->\n<title>ROUND EYELET FOR AUTOMATIC EYELET MACHINES - Verton<\/title>\n<meta name=\"description\" content=\"ROUND EYELET FOR AUTOMATIC EYELET MACHINES\" \/>\n<meta name=\"robots\" content=\"index, follow, max-snippet:-1, max-image-preview:large, max-video-preview:-1\" \/>\n<link rel=\"canonical\" href=\"https:\/\/verton.pl\/en\/produkt\/round-eyelet-for-automatic-eyelet-machines\/\" \/>\n<meta property=\"og:locale\" content=\"en_US\" \/>\n<meta property=\"og:type\" content=\"article\" \/>\n<meta property=\"og:title\" content=\"ROUND EYELET FOR AUTOMATIC EYELET MACHINES - Verton\" \/>\n<meta property=\"og:description\" content=\"ROUND EYELET FOR AUTOMATIC EYELET MACHINES\" \/>\n<meta property=\"og:url\" content=\"https:\/\/verton.pl\/en\/produkt\/round-eyelet-for-automatic-eyelet-machines\/\" \/>\n<meta property=\"og:site_name\" content=\"Verton - producent akcesori\u00f3w plandekowych\" \/>\n<meta property=\"article:modified_time\" content=\"2023-09-18T21:02:04+00:00\" \/>\n<meta property=\"og:image\" content=\"https:\/\/verton.pl\/wp-content\/uploads\/2023\/07\/oczko-okragle-do-zakuwania-automatycznego.webp\" \/>\n\t<meta property=\"og:image:width\" content=\"400\" \/>\n\t<meta property=\"og:image:height\" content=\"400\" \/>\n\t<meta property=\"og:image:type\" content=\"image\/webp\" \/>\n<meta name=\"twitter:card\" content=\"summary_large_image\" \/>\n<script type=\"application\/ld+json\" class=\"yoast-schema-graph\">{\"@context\":\"https:\/\/schema.org\",\"@graph\":[{\"@type\":\"WebPage\",\"@id\":\"https:\/\/verton.pl\/en\/produkt\/round-eyelet-for-automatic-eyelet-machines\/\",\"url\":\"https:\/\/verton.pl\/en\/produkt\/round-eyelet-for-automatic-eyelet-machines\/\",\"name\":\"ROUND EYELET FOR AUTOMATIC EYELET MACHINES - Verton\",\"isPartOf\":{\"@id\":\"https:\/\/verton.pl\/en\/#website\"},\"primaryImageOfPage\":{\"@id\":\"https:\/\/verton.pl\/en\/produkt\/round-eyelet-for-automatic-eyelet-machines\/#primaryimage\"},\"image\":{\"@id\":\"https:\/\/verton.pl\/en\/produkt\/round-eyelet-for-automatic-eyelet-machines\/#primaryimage\"},\"thumbnailUrl\":\"https:\/\/verton.pl\/wp-content\/uploads\/2023\/07\/oczko-okragle-do-zakuwania-automatycznego.webp\",\"datePublished\":\"2023-07-19T09:05:51+00:00\",\"dateModified\":\"2023-09-18T21:02:04+00:00\",\"description\":\"ROUND EYELET FOR AUTOMATIC EYELET MACHINES\",\"breadcrumb\":{\"@id\":\"https:\/\/verton.pl\/en\/produkt\/round-eyelet-for-automatic-eyelet-machines\/#breadcrumb\"},\"inLanguage\":\"en-US\",\"potentialAction\":[{\"@type\":\"ReadAction\",\"target\":[\"https:\/\/verton.pl\/en\/produkt\/round-eyelet-for-automatic-eyelet-machines\/\"]}]},{\"@type\":\"ImageObject\",\"inLanguage\":\"en-US\",\"@id\":\"https:\/\/verton.pl\/en\/produkt\/round-eyelet-for-automatic-eyelet-machines\/#primaryimage\",\"url\":\"https:\/\/verton.pl\/wp-content\/uploads\/2023\/07\/oczko-okragle-do-zakuwania-automatycznego.webp\",\"contentUrl\":\"https:\/\/verton.pl\/wp-content\/uploads\/2023\/07\/oczko-okragle-do-zakuwania-automatycznego.webp\",\"width\":400,\"height\":400},{\"@type\":\"BreadcrumbList\",\"@id\":\"https:\/\/verton.pl\/en\/produkt\/round-eyelet-for-automatic-eyelet-machines\/#breadcrumb\",\"itemListElement\":[{\"@type\":\"ListItem\",\"position\":1,\"name\":\"Home\",\"item\":\"https:\/\/verton.pl\/en\/\"},{\"@type\":\"ListItem\",\"position\":2,\"name\":\"Products\",\"item\":\"https:\/\/verton.pl\/en\/products\/\"},{\"@type\":\"ListItem\",\"position\":3,\"name\":\"ROUND EYELET FOR AUTOMATIC EYELET MACHINES\"}]},{\"@type\":\"WebSite\",\"@id\":\"https:\/\/verton.pl\/en\/#website\",\"url\":\"https:\/\/verton.pl\/en\/\",\"name\":\"Verton - producent akcesori\u00f3w plandekowych\",\"description\":\"Najwy\u017cszej jako\u015bci akcesoria plandekowe i materia\u0142y PVC.\",\"alternateName\":\"Verton - akcesoria plandekowe\",\"potentialAction\":[{\"@type\":\"SearchAction\",\"target\":{\"@type\":\"EntryPoint\",\"urlTemplate\":\"https:\/\/verton.pl\/en\/?s={search_term_string}\"},\"query-input\":{\"@type\":\"PropertyValueSpecification\",\"valueRequired\":true,\"valueName\":\"search_term_string\"}}],\"inLanguage\":\"en-US\"}]}<\/script>\n<!-- \/ Yoast SEO plugin. -->","yoast_head_json":{"title":"ROUND EYELET FOR AUTOMATIC EYELET MACHINES - Verton","description":"ROUND EYELET FOR AUTOMATIC EYELET MACHINES","robots":{"index":"index","follow":"follow","max-snippet":"max-snippet:-1","max-image-preview":"max-image-preview:large","max-video-preview":"max-video-preview:-1"},"canonical":"https:\/\/verton.pl\/en\/produkt\/round-eyelet-for-automatic-eyelet-machines\/","og_locale":"en_US","og_type":"article","og_title":"ROUND EYELET FOR AUTOMATIC EYELET MACHINES - Verton","og_description":"ROUND EYELET FOR AUTOMATIC EYELET MACHINES","og_url":"https:\/\/verton.pl\/en\/produkt\/round-eyelet-for-automatic-eyelet-machines\/","og_site_name":"Verton - producent akcesori\u00f3w plandekowych","article_modified_time":"2023-09-18T21:02:04+00:00","og_image":[{"width":400,"height":400,"url":"https:\/\/verton.pl\/wp-content\/uploads\/2023\/07\/oczko-okragle-do-zakuwania-automatycznego.webp","type":"image\/webp"}],"twitter_card":"summary_large_image","schema":{"@context":"https:\/\/schema.org","@graph":[{"@type":"WebPage","@id":"https:\/\/verton.pl\/en\/produkt\/round-eyelet-for-automatic-eyelet-machines\/","url":"https:\/\/verton.pl\/en\/produkt\/round-eyelet-for-automatic-eyelet-machines\/","name":"ROUND EYELET FOR AUTOMATIC EYELET MACHINES - Verton","isPartOf":{"@id":"https:\/\/verton.pl\/en\/#website"},"primaryImageOfPage":{"@id":"https:\/\/verton.pl\/en\/produkt\/round-eyelet-for-automatic-eyelet-machines\/#primaryimage"},"image":{"@id":"https:\/\/verton.pl\/en\/produkt\/round-eyelet-for-automatic-eyelet-machines\/#primaryimage"},"thumbnailUrl":"https:\/\/verton.pl\/wp-content\/uploads\/2023\/07\/oczko-okragle-do-zakuwania-automatycznego.webp","datePublished":"2023-07-19T09:05:51+00:00","dateModified":"2023-09-18T21:02:04+00:00","description":"ROUND EYELET FOR AUTOMATIC EYELET MACHINES","breadcrumb":{"@id":"https:\/\/verton.pl\/en\/produkt\/round-eyelet-for-automatic-eyelet-machines\/#breadcrumb"},"inLanguage":"en-US","potentialAction":[{"@type":"ReadAction","target":["https:\/\/verton.pl\/en\/produkt\/round-eyelet-for-automatic-eyelet-machines\/"]}]},{"@type":"ImageObject","inLanguage":"en-US","@id":"https:\/\/verton.pl\/en\/produkt\/round-eyelet-for-automatic-eyelet-machines\/#primaryimage","url":"https:\/\/verton.pl\/wp-content\/uploads\/2023\/07\/oczko-okragle-do-zakuwania-automatycznego.webp","contentUrl":"https:\/\/verton.pl\/wp-content\/uploads\/2023\/07\/oczko-okragle-do-zakuwania-automatycznego.webp","width":400,"height":400},{"@type":"BreadcrumbList","@id":"https:\/\/verton.pl\/en\/produkt\/round-eyelet-for-automatic-eyelet-machines\/#breadcrumb","itemListElement":[{"@type":"ListItem","position":1,"name":"Home","item":"https:\/\/verton.pl\/en\/"},{"@type":"ListItem","position":2,"name":"Products","item":"https:\/\/verton.pl\/en\/products\/"},{"@type":"ListItem","position":3,"name":"ROUND EYELET FOR AUTOMATIC EYELET MACHINES"}]},{"@type":"WebSite","@id":"https:\/\/verton.pl\/en\/#website","url":"https:\/\/verton.pl\/en\/","name":"Verton - producent akcesori\u00f3w plandekowych","description":"Najwy\u017cszej jako\u015bci akcesoria plandekowe i materia\u0142y PVC.","alternateName":"Verton - akcesoria plandekowe","potentialAction":[{"@type":"SearchAction","target":{"@type":"EntryPoint","urlTemplate":"https:\/\/verton.pl\/en\/?s={search_term_string}"},"query-input":{"@type":"PropertyValueSpecification","valueRequired":true,"valueName":"search_term_string"}}],"inLanguage":"en-US"}]}},"_links":{"self":[{"href":"https:\/\/verton.pl\/en\/wp-json\/wp\/v2\/product\/3233","targetHints":{"allow":["GET"]}}],"collection":[{"href":"https:\/\/verton.pl\/en\/wp-json\/wp\/v2\/product"}],"about":[{"href":"https:\/\/verton.pl\/en\/wp-json\/wp\/v2\/types\/product"}],"wp:featuredmedia":[{"embeddable":true,"href":"https:\/\/verton.pl\/en\/wp-json\/wp\/v2\/media\/3235"}],"wp:attachment":[{"href":"https:\/\/verton.pl\/en\/wp-json\/wp\/v2\/media?parent=3233"}],"wp:term":[{"taxonomy":"product_brand","embeddable":true,"href":"https:\/\/verton.pl\/en\/wp-json\/wp\/v2\/product_brand?post=3233"},{"taxonomy":"product_cat","embeddable":true,"href":"https:\/\/verton.pl\/en\/wp-json\/wp\/v2\/product_cat?post=3233"},{"taxonomy":"product_tag","embeddable":true,"href":"https:\/\/verton.pl\/en\/wp-json\/wp\/v2\/product_tag?post=3233"}],"curies":[{"name":"wp","href":"https:\/\/api.w.org\/{rel}","templated":true}]}}