{"id":2829,"date":"2023-08-01T10:41:58","date_gmt":"2023-08-01T10:41:58","guid":{"rendered":"https:\/\/fhh.znl.mybluehost.me\/produkt\/pasek-ze-sprzaczka-85-mm\/"},"modified":"2023-09-18T20:11:13","modified_gmt":"2023-09-18T20:11:13","slug":"pvc-strap-with-roller-buckle-85-mm","status":"publish","type":"product","link":"https:\/\/verton.pl\/en\/produkt\/pvc-strap-with-roller-buckle-85-mm\/","title":{"rendered":"PVC STRAP WITH ROLLER BUCKLE 85 mm"},"content":{"rendered":"<p><img decoding=\"async\" loading=\"lazy\" class=\"alignnone size-full wp-image-1812\" src=\"https:\/\/fhh.znl.mybluehost.me\/wp-content\/uploads\/2023\/08\/pasek-ze-sprzaczka-85mm-tab.webp\" alt=\"\" width=\"500\" height=\"106\" srcset=\"https:\/\/verton.pl\/wp-content\/uploads\/2023\/08\/pasek-ze-sprzaczka-85mm-tab.webp 500w, https:\/\/verton.pl\/wp-content\/uploads\/2023\/08\/pasek-ze-sprzaczka-85mm-tab-150x32.webp 150w, https:\/\/verton.pl\/wp-content\/uploads\/2023\/08\/pasek-ze-sprzaczka-85mm-tab-480x102.webp 480w\" sizes=\"auto, (max-width:767px) 480px, 500px\" \/><\/p>\n","protected":false},"excerpt":{"rendered":"","protected":false},"featured_media":1911,"template":"","meta":{"nf_dc_page":""},"product_brand":[],"product_cat":[166],"product_tag":[],"class_list":{"0":"post-2829","1":"product","2":"type-product","3":"status-publish","4":"has-post-thumbnail","6":"product_cat-straps","8":"first","9":"instock","10":"shipping-taxable","11":"product-type-simple"},"yoast_head":"<!-- This site is optimized with the Yoast SEO plugin v27.2 - https:\/\/yoast.com\/product\/yoast-seo-wordpress\/ -->\n<title>PVC STRAP WITH ROLLER BUCKLE 85 mm - Verton<\/title>\n<meta name=\"description\" content=\"PVC STRAP WITH ROLLER BUCKLE 85 mm\" \/>\n<meta name=\"robots\" content=\"index, follow, max-snippet:-1, max-image-preview:large, max-video-preview:-1\" \/>\n<link rel=\"canonical\" href=\"https:\/\/verton.pl\/en\/produkt\/pvc-strap-with-roller-buckle-85-mm\/\" \/>\n<meta property=\"og:locale\" content=\"en_US\" \/>\n<meta property=\"og:type\" content=\"article\" \/>\n<meta property=\"og:title\" content=\"PVC STRAP WITH ROLLER BUCKLE 85 mm - Verton\" \/>\n<meta property=\"og:description\" content=\"PVC STRAP WITH ROLLER BUCKLE 85 mm\" \/>\n<meta property=\"og:url\" content=\"https:\/\/verton.pl\/en\/produkt\/pvc-strap-with-roller-buckle-85-mm\/\" \/>\n<meta property=\"og:site_name\" content=\"Verton - producent akcesori\u00f3w plandekowych\" \/>\n<meta property=\"article:modified_time\" content=\"2023-09-18T20:11:13+00:00\" \/>\n<meta property=\"og:image\" content=\"https:\/\/verton.pl\/wp-content\/uploads\/2023\/08\/pasek-ze-sprzaczka-1.webp\" \/>\n\t<meta property=\"og:image:width\" content=\"1216\" \/>\n\t<meta property=\"og:image:height\" content=\"1216\" \/>\n\t<meta property=\"og:image:type\" content=\"image\/webp\" \/>\n<meta name=\"twitter:card\" content=\"summary_large_image\" \/>\n<script type=\"application\/ld+json\" class=\"yoast-schema-graph\">{\"@context\":\"https:\/\/schema.org\",\"@graph\":[{\"@type\":\"WebPage\",\"@id\":\"https:\/\/verton.pl\/en\/produkt\/pvc-strap-with-roller-buckle-85-mm\/\",\"url\":\"https:\/\/verton.pl\/en\/produkt\/pvc-strap-with-roller-buckle-85-mm\/\",\"name\":\"PVC STRAP WITH ROLLER BUCKLE 85 mm - Verton\",\"isPartOf\":{\"@id\":\"https:\/\/verton.pl\/en\/#website\"},\"primaryImageOfPage\":{\"@id\":\"https:\/\/verton.pl\/en\/produkt\/pvc-strap-with-roller-buckle-85-mm\/#primaryimage\"},\"image\":{\"@id\":\"https:\/\/verton.pl\/en\/produkt\/pvc-strap-with-roller-buckle-85-mm\/#primaryimage\"},\"thumbnailUrl\":\"https:\/\/verton.pl\/wp-content\/uploads\/2023\/08\/pasek-ze-sprzaczka-1.webp\",\"datePublished\":\"2023-08-01T10:41:58+00:00\",\"dateModified\":\"2023-09-18T20:11:13+00:00\",\"description\":\"PVC STRAP WITH ROLLER BUCKLE 85 mm\",\"breadcrumb\":{\"@id\":\"https:\/\/verton.pl\/en\/produkt\/pvc-strap-with-roller-buckle-85-mm\/#breadcrumb\"},\"inLanguage\":\"en-US\",\"potentialAction\":[{\"@type\":\"ReadAction\",\"target\":[\"https:\/\/verton.pl\/en\/produkt\/pvc-strap-with-roller-buckle-85-mm\/\"]}]},{\"@type\":\"ImageObject\",\"inLanguage\":\"en-US\",\"@id\":\"https:\/\/verton.pl\/en\/produkt\/pvc-strap-with-roller-buckle-85-mm\/#primaryimage\",\"url\":\"https:\/\/verton.pl\/wp-content\/uploads\/2023\/08\/pasek-ze-sprzaczka-1.webp\",\"contentUrl\":\"https:\/\/verton.pl\/wp-content\/uploads\/2023\/08\/pasek-ze-sprzaczka-1.webp\",\"width\":1216,\"height\":1216},{\"@type\":\"BreadcrumbList\",\"@id\":\"https:\/\/verton.pl\/en\/produkt\/pvc-strap-with-roller-buckle-85-mm\/#breadcrumb\",\"itemListElement\":[{\"@type\":\"ListItem\",\"position\":1,\"name\":\"Home\",\"item\":\"https:\/\/verton.pl\/en\/\"},{\"@type\":\"ListItem\",\"position\":2,\"name\":\"Products\",\"item\":\"https:\/\/verton.pl\/en\/products\/\"},{\"@type\":\"ListItem\",\"position\":3,\"name\":\"PVC STRAP WITH ROLLER BUCKLE 85 mm\"}]},{\"@type\":\"WebSite\",\"@id\":\"https:\/\/verton.pl\/en\/#website\",\"url\":\"https:\/\/verton.pl\/en\/\",\"name\":\"Verton - producent akcesori\u00f3w plandekowych\",\"description\":\"Najwy\u017cszej jako\u015bci akcesoria plandekowe i materia\u0142y PVC.\",\"alternateName\":\"Verton - akcesoria plandekowe\",\"potentialAction\":[{\"@type\":\"SearchAction\",\"target\":{\"@type\":\"EntryPoint\",\"urlTemplate\":\"https:\/\/verton.pl\/en\/?s={search_term_string}\"},\"query-input\":{\"@type\":\"PropertyValueSpecification\",\"valueRequired\":true,\"valueName\":\"search_term_string\"}}],\"inLanguage\":\"en-US\"}]}<\/script>\n<!-- \/ Yoast SEO plugin. -->","yoast_head_json":{"title":"PVC STRAP WITH ROLLER BUCKLE 85 mm - Verton","description":"PVC STRAP WITH ROLLER BUCKLE 85 mm","robots":{"index":"index","follow":"follow","max-snippet":"max-snippet:-1","max-image-preview":"max-image-preview:large","max-video-preview":"max-video-preview:-1"},"canonical":"https:\/\/verton.pl\/en\/produkt\/pvc-strap-with-roller-buckle-85-mm\/","og_locale":"en_US","og_type":"article","og_title":"PVC STRAP WITH ROLLER BUCKLE 85 mm - Verton","og_description":"PVC STRAP WITH ROLLER BUCKLE 85 mm","og_url":"https:\/\/verton.pl\/en\/produkt\/pvc-strap-with-roller-buckle-85-mm\/","og_site_name":"Verton - producent akcesori\u00f3w plandekowych","article_modified_time":"2023-09-18T20:11:13+00:00","og_image":[{"width":1216,"height":1216,"url":"https:\/\/verton.pl\/wp-content\/uploads\/2023\/08\/pasek-ze-sprzaczka-1.webp","type":"image\/webp"}],"twitter_card":"summary_large_image","schema":{"@context":"https:\/\/schema.org","@graph":[{"@type":"WebPage","@id":"https:\/\/verton.pl\/en\/produkt\/pvc-strap-with-roller-buckle-85-mm\/","url":"https:\/\/verton.pl\/en\/produkt\/pvc-strap-with-roller-buckle-85-mm\/","name":"PVC STRAP WITH ROLLER BUCKLE 85 mm - Verton","isPartOf":{"@id":"https:\/\/verton.pl\/en\/#website"},"primaryImageOfPage":{"@id":"https:\/\/verton.pl\/en\/produkt\/pvc-strap-with-roller-buckle-85-mm\/#primaryimage"},"image":{"@id":"https:\/\/verton.pl\/en\/produkt\/pvc-strap-with-roller-buckle-85-mm\/#primaryimage"},"thumbnailUrl":"https:\/\/verton.pl\/wp-content\/uploads\/2023\/08\/pasek-ze-sprzaczka-1.webp","datePublished":"2023-08-01T10:41:58+00:00","dateModified":"2023-09-18T20:11:13+00:00","description":"PVC STRAP WITH ROLLER BUCKLE 85 mm","breadcrumb":{"@id":"https:\/\/verton.pl\/en\/produkt\/pvc-strap-with-roller-buckle-85-mm\/#breadcrumb"},"inLanguage":"en-US","potentialAction":[{"@type":"ReadAction","target":["https:\/\/verton.pl\/en\/produkt\/pvc-strap-with-roller-buckle-85-mm\/"]}]},{"@type":"ImageObject","inLanguage":"en-US","@id":"https:\/\/verton.pl\/en\/produkt\/pvc-strap-with-roller-buckle-85-mm\/#primaryimage","url":"https:\/\/verton.pl\/wp-content\/uploads\/2023\/08\/pasek-ze-sprzaczka-1.webp","contentUrl":"https:\/\/verton.pl\/wp-content\/uploads\/2023\/08\/pasek-ze-sprzaczka-1.webp","width":1216,"height":1216},{"@type":"BreadcrumbList","@id":"https:\/\/verton.pl\/en\/produkt\/pvc-strap-with-roller-buckle-85-mm\/#breadcrumb","itemListElement":[{"@type":"ListItem","position":1,"name":"Home","item":"https:\/\/verton.pl\/en\/"},{"@type":"ListItem","position":2,"name":"Products","item":"https:\/\/verton.pl\/en\/products\/"},{"@type":"ListItem","position":3,"name":"PVC STRAP WITH ROLLER BUCKLE 85 mm"}]},{"@type":"WebSite","@id":"https:\/\/verton.pl\/en\/#website","url":"https:\/\/verton.pl\/en\/","name":"Verton - producent akcesori\u00f3w plandekowych","description":"Najwy\u017cszej jako\u015bci akcesoria plandekowe i materia\u0142y PVC.","alternateName":"Verton - akcesoria plandekowe","potentialAction":[{"@type":"SearchAction","target":{"@type":"EntryPoint","urlTemplate":"https:\/\/verton.pl\/en\/?s={search_term_string}"},"query-input":{"@type":"PropertyValueSpecification","valueRequired":true,"valueName":"search_term_string"}}],"inLanguage":"en-US"}]}},"_links":{"self":[{"href":"https:\/\/verton.pl\/en\/wp-json\/wp\/v2\/product\/2829","targetHints":{"allow":["GET"]}}],"collection":[{"href":"https:\/\/verton.pl\/en\/wp-json\/wp\/v2\/product"}],"about":[{"href":"https:\/\/verton.pl\/en\/wp-json\/wp\/v2\/types\/product"}],"wp:featuredmedia":[{"embeddable":true,"href":"https:\/\/verton.pl\/en\/wp-json\/wp\/v2\/media\/1911"}],"wp:attachment":[{"href":"https:\/\/verton.pl\/en\/wp-json\/wp\/v2\/media?parent=2829"}],"wp:term":[{"taxonomy":"product_brand","embeddable":true,"href":"https:\/\/verton.pl\/en\/wp-json\/wp\/v2\/product_brand?post=2829"},{"taxonomy":"product_cat","embeddable":true,"href":"https:\/\/verton.pl\/en\/wp-json\/wp\/v2\/product_cat?post=2829"},{"taxonomy":"product_tag","embeddable":true,"href":"https:\/\/verton.pl\/en\/wp-json\/wp\/v2\/product_tag?post=2829"}],"curies":[{"name":"wp","href":"https:\/\/api.w.org\/{rel}","templated":true}]}}