{"id":2791,"date":"2023-08-01T16:41:36","date_gmt":"2023-08-01T16:41:36","guid":{"rendered":"https:\/\/fhh.znl.mybluehost.me\/produkt\/rolka-kurtyny-edscha-50x35x29-mm\/"},"modified":"2023-09-18T20:02:59","modified_gmt":"2023-09-18T20:02:59","slug":"curtain-roller-with-ball-bearing-for-edscha-profile-50x35x29mm","status":"publish","type":"product","link":"https:\/\/verton.pl\/en\/produkt\/curtain-roller-with-ball-bearing-for-edscha-profile-50x35x29mm\/","title":{"rendered":"CURTAIN ROLLER WITH BALL BEARING FOR EDSCHA PROFILE 50x35x29mm"},"content":{"rendered":"<p><img decoding=\"async\" loading=\"lazy\" class=\"alignnone size-full wp-image-2045\" src=\"https:\/\/fhh.znl.mybluehost.me\/wp-content\/uploads\/2023\/08\/rolka-kurtyny-edscha-50x35x29mm-tab.webp\" alt=\"\" width=\"500\" height=\"120\" srcset=\"https:\/\/verton.pl\/wp-content\/uploads\/2023\/08\/rolka-kurtyny-edscha-50x35x29mm-tab.webp 500w, https:\/\/verton.pl\/wp-content\/uploads\/2023\/08\/rolka-kurtyny-edscha-50x35x29mm-tab-150x36.webp 150w, https:\/\/verton.pl\/wp-content\/uploads\/2023\/08\/rolka-kurtyny-edscha-50x35x29mm-tab-480x115.webp 480w\" sizes=\"auto, (max-width:767px) 480px, 500px\" \/><\/p>\n","protected":false},"excerpt":{"rendered":"","protected":false},"featured_media":2085,"template":"","meta":{"nf_dc_page":""},"product_brand":[],"product_cat":[160],"product_tag":[],"class_list":{"0":"post-2791","1":"product","2":"type-product","3":"status-publish","4":"has-post-thumbnail","6":"product_cat-buckles-straps-runners","8":"first","9":"instock","10":"shipping-taxable","11":"product-type-simple"},"yoast_head":"<!-- This site is optimized with the Yoast SEO plugin v27.2 - https:\/\/yoast.com\/product\/yoast-seo-wordpress\/ -->\n<title>CURTAIN ROLLER WITH BALL BEARING FOR EDSCHA PROFILE 50x35x29mm - Verton<\/title>\n<meta name=\"description\" content=\"CURTAIN ROLLER WITH BALL BEARING FOR EDSCHA PROFILE 50x35x29mm\" \/>\n<meta name=\"robots\" content=\"index, follow, max-snippet:-1, max-image-preview:large, max-video-preview:-1\" \/>\n<link rel=\"canonical\" href=\"https:\/\/verton.pl\/en\/produkt\/curtain-roller-with-ball-bearing-for-edscha-profile-50x35x29mm\/\" \/>\n<meta property=\"og:locale\" content=\"en_US\" \/>\n<meta property=\"og:type\" content=\"article\" \/>\n<meta property=\"og:title\" content=\"CURTAIN ROLLER WITH BALL BEARING FOR EDSCHA PROFILE 50x35x29mm - Verton\" \/>\n<meta property=\"og:description\" content=\"CURTAIN ROLLER WITH BALL BEARING FOR EDSCHA PROFILE 50x35x29mm\" \/>\n<meta property=\"og:url\" content=\"https:\/\/verton.pl\/en\/produkt\/curtain-roller-with-ball-bearing-for-edscha-profile-50x35x29mm\/\" \/>\n<meta property=\"og:site_name\" content=\"Verton - producent akcesori\u00f3w plandekowych\" \/>\n<meta property=\"article:modified_time\" content=\"2023-09-18T20:02:59+00:00\" \/>\n<meta property=\"og:image\" content=\"https:\/\/verton.pl\/wp-content\/uploads\/2023\/08\/rolka-kurtyny-edscha-50x35x29-mm.webp\" \/>\n\t<meta property=\"og:image:width\" content=\"1222\" \/>\n\t<meta property=\"og:image:height\" content=\"1223\" \/>\n\t<meta property=\"og:image:type\" content=\"image\/webp\" \/>\n<meta name=\"twitter:card\" content=\"summary_large_image\" \/>\n<meta name=\"twitter:label1\" content=\"Est. reading time\" \/>\n\t<meta name=\"twitter:data1\" content=\"1 minute\" \/>\n<script type=\"application\/ld+json\" class=\"yoast-schema-graph\">{\"@context\":\"https:\/\/schema.org\",\"@graph\":[{\"@type\":\"WebPage\",\"@id\":\"https:\/\/verton.pl\/en\/produkt\/curtain-roller-with-ball-bearing-for-edscha-profile-50x35x29mm\/\",\"url\":\"https:\/\/verton.pl\/en\/produkt\/curtain-roller-with-ball-bearing-for-edscha-profile-50x35x29mm\/\",\"name\":\"CURTAIN ROLLER WITH BALL BEARING FOR EDSCHA PROFILE 50x35x29mm - Verton\",\"isPartOf\":{\"@id\":\"https:\/\/verton.pl\/en\/#website\"},\"primaryImageOfPage\":{\"@id\":\"https:\/\/verton.pl\/en\/produkt\/curtain-roller-with-ball-bearing-for-edscha-profile-50x35x29mm\/#primaryimage\"},\"image\":{\"@id\":\"https:\/\/verton.pl\/en\/produkt\/curtain-roller-with-ball-bearing-for-edscha-profile-50x35x29mm\/#primaryimage\"},\"thumbnailUrl\":\"https:\/\/verton.pl\/wp-content\/uploads\/2023\/08\/rolka-kurtyny-edscha-50x35x29-mm.webp\",\"datePublished\":\"2023-08-01T16:41:36+00:00\",\"dateModified\":\"2023-09-18T20:02:59+00:00\",\"description\":\"CURTAIN ROLLER WITH BALL BEARING FOR EDSCHA PROFILE 50x35x29mm\",\"breadcrumb\":{\"@id\":\"https:\/\/verton.pl\/en\/produkt\/curtain-roller-with-ball-bearing-for-edscha-profile-50x35x29mm\/#breadcrumb\"},\"inLanguage\":\"en-US\",\"potentialAction\":[{\"@type\":\"ReadAction\",\"target\":[\"https:\/\/verton.pl\/en\/produkt\/curtain-roller-with-ball-bearing-for-edscha-profile-50x35x29mm\/\"]}]},{\"@type\":\"ImageObject\",\"inLanguage\":\"en-US\",\"@id\":\"https:\/\/verton.pl\/en\/produkt\/curtain-roller-with-ball-bearing-for-edscha-profile-50x35x29mm\/#primaryimage\",\"url\":\"https:\/\/verton.pl\/wp-content\/uploads\/2023\/08\/rolka-kurtyny-edscha-50x35x29-mm.webp\",\"contentUrl\":\"https:\/\/verton.pl\/wp-content\/uploads\/2023\/08\/rolka-kurtyny-edscha-50x35x29-mm.webp\",\"width\":1222,\"height\":1223},{\"@type\":\"BreadcrumbList\",\"@id\":\"https:\/\/verton.pl\/en\/produkt\/curtain-roller-with-ball-bearing-for-edscha-profile-50x35x29mm\/#breadcrumb\",\"itemListElement\":[{\"@type\":\"ListItem\",\"position\":1,\"name\":\"Home\",\"item\":\"https:\/\/verton.pl\/en\/\"},{\"@type\":\"ListItem\",\"position\":2,\"name\":\"Products\",\"item\":\"https:\/\/verton.pl\/en\/products\/\"},{\"@type\":\"ListItem\",\"position\":3,\"name\":\"CURTAIN ROLLER WITH BALL BEARING FOR EDSCHA PROFILE 50x35x29mm\"}]},{\"@type\":\"WebSite\",\"@id\":\"https:\/\/verton.pl\/en\/#website\",\"url\":\"https:\/\/verton.pl\/en\/\",\"name\":\"Verton - producent akcesori\u00f3w plandekowych\",\"description\":\"Najwy\u017cszej jako\u015bci akcesoria plandekowe i materia\u0142y PVC.\",\"alternateName\":\"Verton - akcesoria plandekowe\",\"potentialAction\":[{\"@type\":\"SearchAction\",\"target\":{\"@type\":\"EntryPoint\",\"urlTemplate\":\"https:\/\/verton.pl\/en\/?s={search_term_string}\"},\"query-input\":{\"@type\":\"PropertyValueSpecification\",\"valueRequired\":true,\"valueName\":\"search_term_string\"}}],\"inLanguage\":\"en-US\"}]}<\/script>\n<!-- \/ Yoast SEO plugin. -->","yoast_head_json":{"title":"CURTAIN ROLLER WITH BALL BEARING FOR EDSCHA PROFILE 50x35x29mm - Verton","description":"CURTAIN ROLLER WITH BALL BEARING FOR EDSCHA PROFILE 50x35x29mm","robots":{"index":"index","follow":"follow","max-snippet":"max-snippet:-1","max-image-preview":"max-image-preview:large","max-video-preview":"max-video-preview:-1"},"canonical":"https:\/\/verton.pl\/en\/produkt\/curtain-roller-with-ball-bearing-for-edscha-profile-50x35x29mm\/","og_locale":"en_US","og_type":"article","og_title":"CURTAIN ROLLER WITH BALL BEARING FOR EDSCHA PROFILE 50x35x29mm - Verton","og_description":"CURTAIN ROLLER WITH BALL BEARING FOR EDSCHA PROFILE 50x35x29mm","og_url":"https:\/\/verton.pl\/en\/produkt\/curtain-roller-with-ball-bearing-for-edscha-profile-50x35x29mm\/","og_site_name":"Verton - producent akcesori\u00f3w plandekowych","article_modified_time":"2023-09-18T20:02:59+00:00","og_image":[{"width":1222,"height":1223,"url":"https:\/\/verton.pl\/wp-content\/uploads\/2023\/08\/rolka-kurtyny-edscha-50x35x29-mm.webp","type":"image\/webp"}],"twitter_card":"summary_large_image","twitter_misc":{"Est. reading time":"1 minute"},"schema":{"@context":"https:\/\/schema.org","@graph":[{"@type":"WebPage","@id":"https:\/\/verton.pl\/en\/produkt\/curtain-roller-with-ball-bearing-for-edscha-profile-50x35x29mm\/","url":"https:\/\/verton.pl\/en\/produkt\/curtain-roller-with-ball-bearing-for-edscha-profile-50x35x29mm\/","name":"CURTAIN ROLLER WITH BALL BEARING FOR EDSCHA PROFILE 50x35x29mm - Verton","isPartOf":{"@id":"https:\/\/verton.pl\/en\/#website"},"primaryImageOfPage":{"@id":"https:\/\/verton.pl\/en\/produkt\/curtain-roller-with-ball-bearing-for-edscha-profile-50x35x29mm\/#primaryimage"},"image":{"@id":"https:\/\/verton.pl\/en\/produkt\/curtain-roller-with-ball-bearing-for-edscha-profile-50x35x29mm\/#primaryimage"},"thumbnailUrl":"https:\/\/verton.pl\/wp-content\/uploads\/2023\/08\/rolka-kurtyny-edscha-50x35x29-mm.webp","datePublished":"2023-08-01T16:41:36+00:00","dateModified":"2023-09-18T20:02:59+00:00","description":"CURTAIN ROLLER WITH BALL BEARING FOR EDSCHA PROFILE 50x35x29mm","breadcrumb":{"@id":"https:\/\/verton.pl\/en\/produkt\/curtain-roller-with-ball-bearing-for-edscha-profile-50x35x29mm\/#breadcrumb"},"inLanguage":"en-US","potentialAction":[{"@type":"ReadAction","target":["https:\/\/verton.pl\/en\/produkt\/curtain-roller-with-ball-bearing-for-edscha-profile-50x35x29mm\/"]}]},{"@type":"ImageObject","inLanguage":"en-US","@id":"https:\/\/verton.pl\/en\/produkt\/curtain-roller-with-ball-bearing-for-edscha-profile-50x35x29mm\/#primaryimage","url":"https:\/\/verton.pl\/wp-content\/uploads\/2023\/08\/rolka-kurtyny-edscha-50x35x29-mm.webp","contentUrl":"https:\/\/verton.pl\/wp-content\/uploads\/2023\/08\/rolka-kurtyny-edscha-50x35x29-mm.webp","width":1222,"height":1223},{"@type":"BreadcrumbList","@id":"https:\/\/verton.pl\/en\/produkt\/curtain-roller-with-ball-bearing-for-edscha-profile-50x35x29mm\/#breadcrumb","itemListElement":[{"@type":"ListItem","position":1,"name":"Home","item":"https:\/\/verton.pl\/en\/"},{"@type":"ListItem","position":2,"name":"Products","item":"https:\/\/verton.pl\/en\/products\/"},{"@type":"ListItem","position":3,"name":"CURTAIN ROLLER WITH BALL BEARING FOR EDSCHA PROFILE 50x35x29mm"}]},{"@type":"WebSite","@id":"https:\/\/verton.pl\/en\/#website","url":"https:\/\/verton.pl\/en\/","name":"Verton - producent akcesori\u00f3w plandekowych","description":"Najwy\u017cszej jako\u015bci akcesoria plandekowe i materia\u0142y PVC.","alternateName":"Verton - akcesoria plandekowe","potentialAction":[{"@type":"SearchAction","target":{"@type":"EntryPoint","urlTemplate":"https:\/\/verton.pl\/en\/?s={search_term_string}"},"query-input":{"@type":"PropertyValueSpecification","valueRequired":true,"valueName":"search_term_string"}}],"inLanguage":"en-US"}]}},"_links":{"self":[{"href":"https:\/\/verton.pl\/en\/wp-json\/wp\/v2\/product\/2791","targetHints":{"allow":["GET"]}}],"collection":[{"href":"https:\/\/verton.pl\/en\/wp-json\/wp\/v2\/product"}],"about":[{"href":"https:\/\/verton.pl\/en\/wp-json\/wp\/v2\/types\/product"}],"wp:featuredmedia":[{"embeddable":true,"href":"https:\/\/verton.pl\/en\/wp-json\/wp\/v2\/media\/2085"}],"wp:attachment":[{"href":"https:\/\/verton.pl\/en\/wp-json\/wp\/v2\/media?parent=2791"}],"wp:term":[{"taxonomy":"product_brand","embeddable":true,"href":"https:\/\/verton.pl\/en\/wp-json\/wp\/v2\/product_brand?post=2791"},{"taxonomy":"product_cat","embeddable":true,"href":"https:\/\/verton.pl\/en\/wp-json\/wp\/v2\/product_cat?post=2791"},{"taxonomy":"product_tag","embeddable":true,"href":"https:\/\/verton.pl\/en\/wp-json\/wp\/v2\/product_tag?post=2791"}],"curies":[{"name":"wp","href":"https:\/\/api.w.org\/{rel}","templated":true}]}}