{"id":2695,"date":"2023-08-07T11:37:48","date_gmt":"2023-08-07T11:37:48","guid":{"rendered":"https:\/\/fhh.znl.mybluehost.me\/produkt\/rolka-systemu-kogel-628-b\/"},"modified":"2023-09-18T19:28:14","modified_gmt":"2023-09-18T19:28:14","slug":"bearing-of-system-kogel-628-b","status":"publish","type":"product","link":"https:\/\/verton.pl\/en\/produkt\/bearing-of-system-kogel-628-b\/","title":{"rendered":"BEARING OF SYSTEM KOGEL 628-B"},"content":{"rendered":"<p><img decoding=\"async\" loading=\"lazy\" class=\"alignnone size-full wp-image-2393\" src=\"https:\/\/fhh.znl.mybluehost.me\/wp-content\/uploads\/2023\/08\/rolka-systemu-kogel-628-b-tab.webp\" alt=\"\" width=\"500\" height=\"146\" srcset=\"https:\/\/verton.pl\/wp-content\/uploads\/2023\/08\/rolka-systemu-kogel-628-b-tab.webp 500w, https:\/\/verton.pl\/wp-content\/uploads\/2023\/08\/rolka-systemu-kogel-628-b-tab-150x44.webp 150w, https:\/\/verton.pl\/wp-content\/uploads\/2023\/08\/rolka-systemu-kogel-628-b-tab-480x140.webp 480w\" sizes=\"auto, (max-width:767px) 480px, 500px\" \/><\/p>\n","protected":false},"excerpt":{"rendered":"","protected":false},"featured_media":2346,"template":"","meta":{"nf_dc_page":""},"product_brand":[],"product_cat":[168],"product_tag":[],"class_list":{"0":"post-2695","1":"product","2":"type-product","3":"status-publish","4":"has-post-thumbnail","6":"product_cat-roof-bearings","8":"first","9":"instock","10":"shipping-taxable","11":"product-type-simple"},"yoast_head":"<!-- This site is optimized with the Yoast SEO plugin v27.2 - https:\/\/yoast.com\/product\/yoast-seo-wordpress\/ -->\n<title>BEARING OF SYSTEM KOGEL 628-B - Verton<\/title>\n<meta name=\"description\" content=\"BEARING OF SYSTEM KOGEL 628-B\" \/>\n<meta name=\"robots\" content=\"index, follow, max-snippet:-1, max-image-preview:large, max-video-preview:-1\" \/>\n<link rel=\"canonical\" href=\"https:\/\/verton.pl\/en\/produkt\/bearing-of-system-kogel-628-b\/\" \/>\n<meta property=\"og:locale\" content=\"en_US\" \/>\n<meta property=\"og:type\" content=\"article\" \/>\n<meta property=\"og:title\" content=\"BEARING OF SYSTEM KOGEL 628-B - Verton\" \/>\n<meta property=\"og:description\" content=\"BEARING OF SYSTEM KOGEL 628-B\" \/>\n<meta property=\"og:url\" content=\"https:\/\/verton.pl\/en\/produkt\/bearing-of-system-kogel-628-b\/\" \/>\n<meta property=\"og:site_name\" content=\"Verton - producent akcesori\u00f3w plandekowych\" \/>\n<meta property=\"article:modified_time\" content=\"2023-09-18T19:28:14+00:00\" \/>\n<meta property=\"og:image\" content=\"https:\/\/verton.pl\/wp-content\/uploads\/2023\/08\/rolka-systemu-KOGEL-628-B.webp\" \/>\n\t<meta property=\"og:image:width\" content=\"400\" \/>\n\t<meta property=\"og:image:height\" content=\"400\" \/>\n\t<meta property=\"og:image:type\" content=\"image\/webp\" \/>\n<meta name=\"twitter:card\" content=\"summary_large_image\" \/>\n<script type=\"application\/ld+json\" class=\"yoast-schema-graph\">{\"@context\":\"https:\/\/schema.org\",\"@graph\":[{\"@type\":\"WebPage\",\"@id\":\"https:\/\/verton.pl\/en\/produkt\/bearing-of-system-kogel-628-b\/\",\"url\":\"https:\/\/verton.pl\/en\/produkt\/bearing-of-system-kogel-628-b\/\",\"name\":\"BEARING OF SYSTEM KOGEL 628-B - Verton\",\"isPartOf\":{\"@id\":\"https:\/\/verton.pl\/en\/#website\"},\"primaryImageOfPage\":{\"@id\":\"https:\/\/verton.pl\/en\/produkt\/bearing-of-system-kogel-628-b\/#primaryimage\"},\"image\":{\"@id\":\"https:\/\/verton.pl\/en\/produkt\/bearing-of-system-kogel-628-b\/#primaryimage\"},\"thumbnailUrl\":\"https:\/\/verton.pl\/wp-content\/uploads\/2023\/08\/rolka-systemu-KOGEL-628-B.webp\",\"datePublished\":\"2023-08-07T11:37:48+00:00\",\"dateModified\":\"2023-09-18T19:28:14+00:00\",\"description\":\"BEARING OF SYSTEM KOGEL 628-B\",\"breadcrumb\":{\"@id\":\"https:\/\/verton.pl\/en\/produkt\/bearing-of-system-kogel-628-b\/#breadcrumb\"},\"inLanguage\":\"en-US\",\"potentialAction\":[{\"@type\":\"ReadAction\",\"target\":[\"https:\/\/verton.pl\/en\/produkt\/bearing-of-system-kogel-628-b\/\"]}]},{\"@type\":\"ImageObject\",\"inLanguage\":\"en-US\",\"@id\":\"https:\/\/verton.pl\/en\/produkt\/bearing-of-system-kogel-628-b\/#primaryimage\",\"url\":\"https:\/\/verton.pl\/wp-content\/uploads\/2023\/08\/rolka-systemu-KOGEL-628-B.webp\",\"contentUrl\":\"https:\/\/verton.pl\/wp-content\/uploads\/2023\/08\/rolka-systemu-KOGEL-628-B.webp\",\"width\":400,\"height\":400},{\"@type\":\"BreadcrumbList\",\"@id\":\"https:\/\/verton.pl\/en\/produkt\/bearing-of-system-kogel-628-b\/#breadcrumb\",\"itemListElement\":[{\"@type\":\"ListItem\",\"position\":1,\"name\":\"Home\",\"item\":\"https:\/\/verton.pl\/en\/\"},{\"@type\":\"ListItem\",\"position\":2,\"name\":\"Products\",\"item\":\"https:\/\/verton.pl\/en\/products\/\"},{\"@type\":\"ListItem\",\"position\":3,\"name\":\"BEARING OF SYSTEM KOGEL 628-B\"}]},{\"@type\":\"WebSite\",\"@id\":\"https:\/\/verton.pl\/en\/#website\",\"url\":\"https:\/\/verton.pl\/en\/\",\"name\":\"Verton - producent akcesori\u00f3w plandekowych\",\"description\":\"Najwy\u017cszej jako\u015bci akcesoria plandekowe i materia\u0142y PVC.\",\"alternateName\":\"Verton - akcesoria plandekowe\",\"potentialAction\":[{\"@type\":\"SearchAction\",\"target\":{\"@type\":\"EntryPoint\",\"urlTemplate\":\"https:\/\/verton.pl\/en\/?s={search_term_string}\"},\"query-input\":{\"@type\":\"PropertyValueSpecification\",\"valueRequired\":true,\"valueName\":\"search_term_string\"}}],\"inLanguage\":\"en-US\"}]}<\/script>\n<!-- \/ Yoast SEO plugin. -->","yoast_head_json":{"title":"BEARING OF SYSTEM KOGEL 628-B - Verton","description":"BEARING OF SYSTEM KOGEL 628-B","robots":{"index":"index","follow":"follow","max-snippet":"max-snippet:-1","max-image-preview":"max-image-preview:large","max-video-preview":"max-video-preview:-1"},"canonical":"https:\/\/verton.pl\/en\/produkt\/bearing-of-system-kogel-628-b\/","og_locale":"en_US","og_type":"article","og_title":"BEARING OF SYSTEM KOGEL 628-B - Verton","og_description":"BEARING OF SYSTEM KOGEL 628-B","og_url":"https:\/\/verton.pl\/en\/produkt\/bearing-of-system-kogel-628-b\/","og_site_name":"Verton - producent akcesori\u00f3w plandekowych","article_modified_time":"2023-09-18T19:28:14+00:00","og_image":[{"width":400,"height":400,"url":"https:\/\/verton.pl\/wp-content\/uploads\/2023\/08\/rolka-systemu-KOGEL-628-B.webp","type":"image\/webp"}],"twitter_card":"summary_large_image","schema":{"@context":"https:\/\/schema.org","@graph":[{"@type":"WebPage","@id":"https:\/\/verton.pl\/en\/produkt\/bearing-of-system-kogel-628-b\/","url":"https:\/\/verton.pl\/en\/produkt\/bearing-of-system-kogel-628-b\/","name":"BEARING OF SYSTEM KOGEL 628-B - Verton","isPartOf":{"@id":"https:\/\/verton.pl\/en\/#website"},"primaryImageOfPage":{"@id":"https:\/\/verton.pl\/en\/produkt\/bearing-of-system-kogel-628-b\/#primaryimage"},"image":{"@id":"https:\/\/verton.pl\/en\/produkt\/bearing-of-system-kogel-628-b\/#primaryimage"},"thumbnailUrl":"https:\/\/verton.pl\/wp-content\/uploads\/2023\/08\/rolka-systemu-KOGEL-628-B.webp","datePublished":"2023-08-07T11:37:48+00:00","dateModified":"2023-09-18T19:28:14+00:00","description":"BEARING OF SYSTEM KOGEL 628-B","breadcrumb":{"@id":"https:\/\/verton.pl\/en\/produkt\/bearing-of-system-kogel-628-b\/#breadcrumb"},"inLanguage":"en-US","potentialAction":[{"@type":"ReadAction","target":["https:\/\/verton.pl\/en\/produkt\/bearing-of-system-kogel-628-b\/"]}]},{"@type":"ImageObject","inLanguage":"en-US","@id":"https:\/\/verton.pl\/en\/produkt\/bearing-of-system-kogel-628-b\/#primaryimage","url":"https:\/\/verton.pl\/wp-content\/uploads\/2023\/08\/rolka-systemu-KOGEL-628-B.webp","contentUrl":"https:\/\/verton.pl\/wp-content\/uploads\/2023\/08\/rolka-systemu-KOGEL-628-B.webp","width":400,"height":400},{"@type":"BreadcrumbList","@id":"https:\/\/verton.pl\/en\/produkt\/bearing-of-system-kogel-628-b\/#breadcrumb","itemListElement":[{"@type":"ListItem","position":1,"name":"Home","item":"https:\/\/verton.pl\/en\/"},{"@type":"ListItem","position":2,"name":"Products","item":"https:\/\/verton.pl\/en\/products\/"},{"@type":"ListItem","position":3,"name":"BEARING OF SYSTEM KOGEL 628-B"}]},{"@type":"WebSite","@id":"https:\/\/verton.pl\/en\/#website","url":"https:\/\/verton.pl\/en\/","name":"Verton - producent akcesori\u00f3w plandekowych","description":"Najwy\u017cszej jako\u015bci akcesoria plandekowe i materia\u0142y PVC.","alternateName":"Verton - akcesoria plandekowe","potentialAction":[{"@type":"SearchAction","target":{"@type":"EntryPoint","urlTemplate":"https:\/\/verton.pl\/en\/?s={search_term_string}"},"query-input":{"@type":"PropertyValueSpecification","valueRequired":true,"valueName":"search_term_string"}}],"inLanguage":"en-US"}]}},"_links":{"self":[{"href":"https:\/\/verton.pl\/en\/wp-json\/wp\/v2\/product\/2695","targetHints":{"allow":["GET"]}}],"collection":[{"href":"https:\/\/verton.pl\/en\/wp-json\/wp\/v2\/product"}],"about":[{"href":"https:\/\/verton.pl\/en\/wp-json\/wp\/v2\/types\/product"}],"wp:featuredmedia":[{"embeddable":true,"href":"https:\/\/verton.pl\/en\/wp-json\/wp\/v2\/media\/2346"}],"wp:attachment":[{"href":"https:\/\/verton.pl\/en\/wp-json\/wp\/v2\/media?parent=2695"}],"wp:term":[{"taxonomy":"product_brand","embeddable":true,"href":"https:\/\/verton.pl\/en\/wp-json\/wp\/v2\/product_brand?post=2695"},{"taxonomy":"product_cat","embeddable":true,"href":"https:\/\/verton.pl\/en\/wp-json\/wp\/v2\/product_cat?post=2695"},{"taxonomy":"product_tag","embeddable":true,"href":"https:\/\/verton.pl\/en\/wp-json\/wp\/v2\/product_tag?post=2695"}],"curies":[{"name":"wp","href":"https:\/\/api.w.org\/{rel}","templated":true}]}}