{"id":2677,"date":"2023-08-07T12:22:26","date_gmt":"2023-08-07T12:22:26","guid":{"rendered":"https:\/\/fhh.znl.mybluehost.me\/produkt\/rolka-dachu-skladanego-93-21\/"},"modified":"2023-09-18T19:21:56","modified_gmt":"2023-09-18T19:21:56","slug":"sliding-roof-bearing-93-21","status":"publish","type":"product","link":"https:\/\/verton.pl\/en\/produkt\/sliding-roof-bearing-93-21\/","title":{"rendered":"SLIDING ROOF BEARING 93.21"},"content":{"rendered":"<p><img decoding=\"async\" loading=\"lazy\" class=\"alignnone size-full wp-image-2474\" src=\"https:\/\/fhh.znl.mybluehost.me\/wp-content\/uploads\/2023\/08\/rolka-dachu-skladanego-9321-tab.webp\" alt=\"\" width=\"500\" height=\"144\" srcset=\"https:\/\/verton.pl\/wp-content\/uploads\/2023\/08\/rolka-dachu-skladanego-9321-tab.webp 500w, https:\/\/verton.pl\/wp-content\/uploads\/2023\/08\/rolka-dachu-skladanego-9321-tab-150x43.webp 150w, https:\/\/verton.pl\/wp-content\/uploads\/2023\/08\/rolka-dachu-skladanego-9321-tab-480x138.webp 480w\" sizes=\"auto, (max-width:767px) 480px, 500px\" \/><\/p>\n","protected":false},"excerpt":{"rendered":"","protected":false},"featured_media":2433,"template":"","meta":{"nf_dc_page":""},"product_brand":[],"product_cat":[168],"product_tag":[],"class_list":{"0":"post-2677","1":"product","2":"type-product","3":"status-publish","4":"has-post-thumbnail","6":"product_cat-roof-bearings","8":"first","9":"instock","10":"shipping-taxable","11":"product-type-simple"},"yoast_head":"<!-- This site is optimized with the Yoast SEO plugin v27.2 - https:\/\/yoast.com\/product\/yoast-seo-wordpress\/ -->\n<title>SLIDING ROOF BEARING 93.21 - Verton<\/title>\n<meta name=\"description\" content=\"SLIDING ROOF BEARING 93.21\" \/>\n<meta name=\"robots\" content=\"index, follow, max-snippet:-1, max-image-preview:large, max-video-preview:-1\" \/>\n<link rel=\"canonical\" href=\"https:\/\/verton.pl\/en\/produkt\/sliding-roof-bearing-93-21\/\" \/>\n<meta property=\"og:locale\" content=\"en_US\" \/>\n<meta property=\"og:type\" content=\"article\" \/>\n<meta property=\"og:title\" content=\"SLIDING ROOF BEARING 93.21 - Verton\" \/>\n<meta property=\"og:description\" content=\"SLIDING ROOF BEARING 93.21\" \/>\n<meta property=\"og:url\" content=\"https:\/\/verton.pl\/en\/produkt\/sliding-roof-bearing-93-21\/\" \/>\n<meta property=\"og:site_name\" content=\"Verton - producent akcesori\u00f3w plandekowych\" \/>\n<meta property=\"article:modified_time\" content=\"2023-09-18T19:21:56+00:00\" \/>\n<meta property=\"og:image\" content=\"https:\/\/verton.pl\/wp-content\/uploads\/2023\/08\/rolka-dachu-skladanego-3.webp\" \/>\n\t<meta property=\"og:image:width\" content=\"400\" \/>\n\t<meta property=\"og:image:height\" content=\"400\" \/>\n\t<meta property=\"og:image:type\" content=\"image\/webp\" \/>\n<meta name=\"twitter:card\" content=\"summary_large_image\" \/>\n<script type=\"application\/ld+json\" class=\"yoast-schema-graph\">{\"@context\":\"https:\/\/schema.org\",\"@graph\":[{\"@type\":\"WebPage\",\"@id\":\"https:\/\/verton.pl\/en\/produkt\/sliding-roof-bearing-93-21\/\",\"url\":\"https:\/\/verton.pl\/en\/produkt\/sliding-roof-bearing-93-21\/\",\"name\":\"SLIDING ROOF BEARING 93.21 - Verton\",\"isPartOf\":{\"@id\":\"https:\/\/verton.pl\/en\/#website\"},\"primaryImageOfPage\":{\"@id\":\"https:\/\/verton.pl\/en\/produkt\/sliding-roof-bearing-93-21\/#primaryimage\"},\"image\":{\"@id\":\"https:\/\/verton.pl\/en\/produkt\/sliding-roof-bearing-93-21\/#primaryimage\"},\"thumbnailUrl\":\"https:\/\/verton.pl\/wp-content\/uploads\/2023\/08\/rolka-dachu-skladanego-3.webp\",\"datePublished\":\"2023-08-07T12:22:26+00:00\",\"dateModified\":\"2023-09-18T19:21:56+00:00\",\"description\":\"SLIDING ROOF BEARING 93.21\",\"breadcrumb\":{\"@id\":\"https:\/\/verton.pl\/en\/produkt\/sliding-roof-bearing-93-21\/#breadcrumb\"},\"inLanguage\":\"en-US\",\"potentialAction\":[{\"@type\":\"ReadAction\",\"target\":[\"https:\/\/verton.pl\/en\/produkt\/sliding-roof-bearing-93-21\/\"]}]},{\"@type\":\"ImageObject\",\"inLanguage\":\"en-US\",\"@id\":\"https:\/\/verton.pl\/en\/produkt\/sliding-roof-bearing-93-21\/#primaryimage\",\"url\":\"https:\/\/verton.pl\/wp-content\/uploads\/2023\/08\/rolka-dachu-skladanego-3.webp\",\"contentUrl\":\"https:\/\/verton.pl\/wp-content\/uploads\/2023\/08\/rolka-dachu-skladanego-3.webp\",\"width\":400,\"height\":400},{\"@type\":\"BreadcrumbList\",\"@id\":\"https:\/\/verton.pl\/en\/produkt\/sliding-roof-bearing-93-21\/#breadcrumb\",\"itemListElement\":[{\"@type\":\"ListItem\",\"position\":1,\"name\":\"Home\",\"item\":\"https:\/\/verton.pl\/en\/\"},{\"@type\":\"ListItem\",\"position\":2,\"name\":\"Products\",\"item\":\"https:\/\/verton.pl\/en\/products\/\"},{\"@type\":\"ListItem\",\"position\":3,\"name\":\"SLIDING ROOF BEARING 93.21\"}]},{\"@type\":\"WebSite\",\"@id\":\"https:\/\/verton.pl\/en\/#website\",\"url\":\"https:\/\/verton.pl\/en\/\",\"name\":\"Verton - producent akcesori\u00f3w plandekowych\",\"description\":\"Najwy\u017cszej jako\u015bci akcesoria plandekowe i materia\u0142y PVC.\",\"alternateName\":\"Verton - akcesoria plandekowe\",\"potentialAction\":[{\"@type\":\"SearchAction\",\"target\":{\"@type\":\"EntryPoint\",\"urlTemplate\":\"https:\/\/verton.pl\/en\/?s={search_term_string}\"},\"query-input\":{\"@type\":\"PropertyValueSpecification\",\"valueRequired\":true,\"valueName\":\"search_term_string\"}}],\"inLanguage\":\"en-US\"}]}<\/script>\n<!-- \/ Yoast SEO plugin. -->","yoast_head_json":{"title":"SLIDING ROOF BEARING 93.21 - Verton","description":"SLIDING ROOF BEARING 93.21","robots":{"index":"index","follow":"follow","max-snippet":"max-snippet:-1","max-image-preview":"max-image-preview:large","max-video-preview":"max-video-preview:-1"},"canonical":"https:\/\/verton.pl\/en\/produkt\/sliding-roof-bearing-93-21\/","og_locale":"en_US","og_type":"article","og_title":"SLIDING ROOF BEARING 93.21 - Verton","og_description":"SLIDING ROOF BEARING 93.21","og_url":"https:\/\/verton.pl\/en\/produkt\/sliding-roof-bearing-93-21\/","og_site_name":"Verton - producent akcesori\u00f3w plandekowych","article_modified_time":"2023-09-18T19:21:56+00:00","og_image":[{"width":400,"height":400,"url":"https:\/\/verton.pl\/wp-content\/uploads\/2023\/08\/rolka-dachu-skladanego-3.webp","type":"image\/webp"}],"twitter_card":"summary_large_image","schema":{"@context":"https:\/\/schema.org","@graph":[{"@type":"WebPage","@id":"https:\/\/verton.pl\/en\/produkt\/sliding-roof-bearing-93-21\/","url":"https:\/\/verton.pl\/en\/produkt\/sliding-roof-bearing-93-21\/","name":"SLIDING ROOF BEARING 93.21 - Verton","isPartOf":{"@id":"https:\/\/verton.pl\/en\/#website"},"primaryImageOfPage":{"@id":"https:\/\/verton.pl\/en\/produkt\/sliding-roof-bearing-93-21\/#primaryimage"},"image":{"@id":"https:\/\/verton.pl\/en\/produkt\/sliding-roof-bearing-93-21\/#primaryimage"},"thumbnailUrl":"https:\/\/verton.pl\/wp-content\/uploads\/2023\/08\/rolka-dachu-skladanego-3.webp","datePublished":"2023-08-07T12:22:26+00:00","dateModified":"2023-09-18T19:21:56+00:00","description":"SLIDING ROOF BEARING 93.21","breadcrumb":{"@id":"https:\/\/verton.pl\/en\/produkt\/sliding-roof-bearing-93-21\/#breadcrumb"},"inLanguage":"en-US","potentialAction":[{"@type":"ReadAction","target":["https:\/\/verton.pl\/en\/produkt\/sliding-roof-bearing-93-21\/"]}]},{"@type":"ImageObject","inLanguage":"en-US","@id":"https:\/\/verton.pl\/en\/produkt\/sliding-roof-bearing-93-21\/#primaryimage","url":"https:\/\/verton.pl\/wp-content\/uploads\/2023\/08\/rolka-dachu-skladanego-3.webp","contentUrl":"https:\/\/verton.pl\/wp-content\/uploads\/2023\/08\/rolka-dachu-skladanego-3.webp","width":400,"height":400},{"@type":"BreadcrumbList","@id":"https:\/\/verton.pl\/en\/produkt\/sliding-roof-bearing-93-21\/#breadcrumb","itemListElement":[{"@type":"ListItem","position":1,"name":"Home","item":"https:\/\/verton.pl\/en\/"},{"@type":"ListItem","position":2,"name":"Products","item":"https:\/\/verton.pl\/en\/products\/"},{"@type":"ListItem","position":3,"name":"SLIDING ROOF BEARING 93.21"}]},{"@type":"WebSite","@id":"https:\/\/verton.pl\/en\/#website","url":"https:\/\/verton.pl\/en\/","name":"Verton - producent akcesori\u00f3w plandekowych","description":"Najwy\u017cszej jako\u015bci akcesoria plandekowe i materia\u0142y PVC.","alternateName":"Verton - akcesoria plandekowe","potentialAction":[{"@type":"SearchAction","target":{"@type":"EntryPoint","urlTemplate":"https:\/\/verton.pl\/en\/?s={search_term_string}"},"query-input":{"@type":"PropertyValueSpecification","valueRequired":true,"valueName":"search_term_string"}}],"inLanguage":"en-US"}]}},"_links":{"self":[{"href":"https:\/\/verton.pl\/en\/wp-json\/wp\/v2\/product\/2677","targetHints":{"allow":["GET"]}}],"collection":[{"href":"https:\/\/verton.pl\/en\/wp-json\/wp\/v2\/product"}],"about":[{"href":"https:\/\/verton.pl\/en\/wp-json\/wp\/v2\/types\/product"}],"wp:featuredmedia":[{"embeddable":true,"href":"https:\/\/verton.pl\/en\/wp-json\/wp\/v2\/media\/2433"}],"wp:attachment":[{"href":"https:\/\/verton.pl\/en\/wp-json\/wp\/v2\/media?parent=2677"}],"wp:term":[{"taxonomy":"product_brand","embeddable":true,"href":"https:\/\/verton.pl\/en\/wp-json\/wp\/v2\/product_brand?post=2677"},{"taxonomy":"product_cat","embeddable":true,"href":"https:\/\/verton.pl\/en\/wp-json\/wp\/v2\/product_cat?post=2677"},{"taxonomy":"product_tag","embeddable":true,"href":"https:\/\/verton.pl\/en\/wp-json\/wp\/v2\/product_tag?post=2677"}],"curies":[{"name":"wp","href":"https:\/\/api.w.org\/{rel}","templated":true}]}}