{"id":2657,"date":"2023-08-07T13:05:40","date_gmt":"2023-08-07T13:05:40","guid":{"rendered":"https:\/\/fhh.znl.mybluehost.me\/produkt\/folia-okienna\/"},"modified":"2023-09-18T19:17:11","modified_gmt":"2023-09-18T19:17:11","slug":"window-film","status":"publish","type":"product","link":"https:\/\/verton.pl\/en\/produkt\/window-film\/","title":{"rendered":"WINDOW FILM"},"content":{"rendered":"<p><img decoding=\"async\" loading=\"lazy\" class=\"alignnone size-full wp-image-2528\" src=\"https:\/\/fhh.znl.mybluehost.me\/wp-content\/uploads\/2023\/08\/folia-okienna-tab.webp\" alt=\"\" width=\"500\" height=\"148\" srcset=\"https:\/\/verton.pl\/wp-content\/uploads\/2023\/08\/folia-okienna-tab.webp 500w, https:\/\/verton.pl\/wp-content\/uploads\/2023\/08\/folia-okienna-tab-150x44.webp 150w, https:\/\/verton.pl\/wp-content\/uploads\/2023\/08\/folia-okienna-tab-480x142.webp 480w\" sizes=\"auto, (max-width:767px) 480px, 500px\" \/><\/p>\n","protected":false},"excerpt":{"rendered":"","protected":false},"featured_media":2526,"template":"","meta":{"nf_dc_page":""},"product_brand":[],"product_cat":[171],"product_tag":[],"class_list":{"0":"post-2657","1":"product","2":"type-product","3":"status-publish","4":"has-post-thumbnail","6":"product_cat-tarpaulin-fabrics","8":"first","9":"instock","10":"shipping-taxable","11":"product-type-simple"},"yoast_head":"<!-- This site is optimized with the Yoast SEO plugin v27.2 - https:\/\/yoast.com\/product\/yoast-seo-wordpress\/ -->\n<title>WINDOW FILM - Verton<\/title>\n<meta name=\"description\" content=\"WINDOW FILM\" \/>\n<meta name=\"robots\" content=\"index, follow, max-snippet:-1, max-image-preview:large, max-video-preview:-1\" \/>\n<link rel=\"canonical\" href=\"https:\/\/verton.pl\/en\/produkt\/window-film\/\" \/>\n<meta property=\"og:locale\" content=\"en_US\" \/>\n<meta property=\"og:type\" content=\"article\" \/>\n<meta property=\"og:title\" content=\"WINDOW FILM - Verton\" \/>\n<meta property=\"og:description\" content=\"WINDOW FILM\" \/>\n<meta property=\"og:url\" content=\"https:\/\/verton.pl\/en\/produkt\/window-film\/\" \/>\n<meta property=\"og:site_name\" content=\"Verton - producent akcesori\u00f3w plandekowych\" \/>\n<meta property=\"article:modified_time\" content=\"2023-09-18T19:17:11+00:00\" \/>\n<meta property=\"og:image\" content=\"https:\/\/verton.pl\/wp-content\/uploads\/2023\/08\/folia-okienna.webp\" \/>\n\t<meta property=\"og:image:width\" content=\"400\" \/>\n\t<meta property=\"og:image:height\" content=\"400\" \/>\n\t<meta property=\"og:image:type\" content=\"image\/webp\" \/>\n<meta name=\"twitter:card\" content=\"summary_large_image\" \/>\n<script type=\"application\/ld+json\" class=\"yoast-schema-graph\">{\"@context\":\"https:\/\/schema.org\",\"@graph\":[{\"@type\":\"WebPage\",\"@id\":\"https:\/\/verton.pl\/en\/produkt\/window-film\/\",\"url\":\"https:\/\/verton.pl\/en\/produkt\/window-film\/\",\"name\":\"WINDOW FILM - Verton\",\"isPartOf\":{\"@id\":\"https:\/\/verton.pl\/en\/#website\"},\"primaryImageOfPage\":{\"@id\":\"https:\/\/verton.pl\/en\/produkt\/window-film\/#primaryimage\"},\"image\":{\"@id\":\"https:\/\/verton.pl\/en\/produkt\/window-film\/#primaryimage\"},\"thumbnailUrl\":\"https:\/\/verton.pl\/wp-content\/uploads\/2023\/08\/folia-okienna.webp\",\"datePublished\":\"2023-08-07T13:05:40+00:00\",\"dateModified\":\"2023-09-18T19:17:11+00:00\",\"description\":\"WINDOW FILM\",\"breadcrumb\":{\"@id\":\"https:\/\/verton.pl\/en\/produkt\/window-film\/#breadcrumb\"},\"inLanguage\":\"en-US\",\"potentialAction\":[{\"@type\":\"ReadAction\",\"target\":[\"https:\/\/verton.pl\/en\/produkt\/window-film\/\"]}]},{\"@type\":\"ImageObject\",\"inLanguage\":\"en-US\",\"@id\":\"https:\/\/verton.pl\/en\/produkt\/window-film\/#primaryimage\",\"url\":\"https:\/\/verton.pl\/wp-content\/uploads\/2023\/08\/folia-okienna.webp\",\"contentUrl\":\"https:\/\/verton.pl\/wp-content\/uploads\/2023\/08\/folia-okienna.webp\",\"width\":400,\"height\":400},{\"@type\":\"BreadcrumbList\",\"@id\":\"https:\/\/verton.pl\/en\/produkt\/window-film\/#breadcrumb\",\"itemListElement\":[{\"@type\":\"ListItem\",\"position\":1,\"name\":\"Home\",\"item\":\"https:\/\/verton.pl\/en\/\"},{\"@type\":\"ListItem\",\"position\":2,\"name\":\"Products\",\"item\":\"https:\/\/verton.pl\/en\/products\/\"},{\"@type\":\"ListItem\",\"position\":3,\"name\":\"WINDOW FILM\"}]},{\"@type\":\"WebSite\",\"@id\":\"https:\/\/verton.pl\/en\/#website\",\"url\":\"https:\/\/verton.pl\/en\/\",\"name\":\"Verton - producent akcesori\u00f3w plandekowych\",\"description\":\"Najwy\u017cszej jako\u015bci akcesoria plandekowe i materia\u0142y PVC.\",\"alternateName\":\"Verton - akcesoria plandekowe\",\"potentialAction\":[{\"@type\":\"SearchAction\",\"target\":{\"@type\":\"EntryPoint\",\"urlTemplate\":\"https:\/\/verton.pl\/en\/?s={search_term_string}\"},\"query-input\":{\"@type\":\"PropertyValueSpecification\",\"valueRequired\":true,\"valueName\":\"search_term_string\"}}],\"inLanguage\":\"en-US\"}]}<\/script>\n<!-- \/ Yoast SEO plugin. -->","yoast_head_json":{"title":"WINDOW FILM - Verton","description":"WINDOW FILM","robots":{"index":"index","follow":"follow","max-snippet":"max-snippet:-1","max-image-preview":"max-image-preview:large","max-video-preview":"max-video-preview:-1"},"canonical":"https:\/\/verton.pl\/en\/produkt\/window-film\/","og_locale":"en_US","og_type":"article","og_title":"WINDOW FILM - Verton","og_description":"WINDOW FILM","og_url":"https:\/\/verton.pl\/en\/produkt\/window-film\/","og_site_name":"Verton - producent akcesori\u00f3w plandekowych","article_modified_time":"2023-09-18T19:17:11+00:00","og_image":[{"width":400,"height":400,"url":"https:\/\/verton.pl\/wp-content\/uploads\/2023\/08\/folia-okienna.webp","type":"image\/webp"}],"twitter_card":"summary_large_image","schema":{"@context":"https:\/\/schema.org","@graph":[{"@type":"WebPage","@id":"https:\/\/verton.pl\/en\/produkt\/window-film\/","url":"https:\/\/verton.pl\/en\/produkt\/window-film\/","name":"WINDOW FILM - Verton","isPartOf":{"@id":"https:\/\/verton.pl\/en\/#website"},"primaryImageOfPage":{"@id":"https:\/\/verton.pl\/en\/produkt\/window-film\/#primaryimage"},"image":{"@id":"https:\/\/verton.pl\/en\/produkt\/window-film\/#primaryimage"},"thumbnailUrl":"https:\/\/verton.pl\/wp-content\/uploads\/2023\/08\/folia-okienna.webp","datePublished":"2023-08-07T13:05:40+00:00","dateModified":"2023-09-18T19:17:11+00:00","description":"WINDOW FILM","breadcrumb":{"@id":"https:\/\/verton.pl\/en\/produkt\/window-film\/#breadcrumb"},"inLanguage":"en-US","potentialAction":[{"@type":"ReadAction","target":["https:\/\/verton.pl\/en\/produkt\/window-film\/"]}]},{"@type":"ImageObject","inLanguage":"en-US","@id":"https:\/\/verton.pl\/en\/produkt\/window-film\/#primaryimage","url":"https:\/\/verton.pl\/wp-content\/uploads\/2023\/08\/folia-okienna.webp","contentUrl":"https:\/\/verton.pl\/wp-content\/uploads\/2023\/08\/folia-okienna.webp","width":400,"height":400},{"@type":"BreadcrumbList","@id":"https:\/\/verton.pl\/en\/produkt\/window-film\/#breadcrumb","itemListElement":[{"@type":"ListItem","position":1,"name":"Home","item":"https:\/\/verton.pl\/en\/"},{"@type":"ListItem","position":2,"name":"Products","item":"https:\/\/verton.pl\/en\/products\/"},{"@type":"ListItem","position":3,"name":"WINDOW FILM"}]},{"@type":"WebSite","@id":"https:\/\/verton.pl\/en\/#website","url":"https:\/\/verton.pl\/en\/","name":"Verton - producent akcesori\u00f3w plandekowych","description":"Najwy\u017cszej jako\u015bci akcesoria plandekowe i materia\u0142y PVC.","alternateName":"Verton - akcesoria plandekowe","potentialAction":[{"@type":"SearchAction","target":{"@type":"EntryPoint","urlTemplate":"https:\/\/verton.pl\/en\/?s={search_term_string}"},"query-input":{"@type":"PropertyValueSpecification","valueRequired":true,"valueName":"search_term_string"}}],"inLanguage":"en-US"}]}},"_links":{"self":[{"href":"https:\/\/verton.pl\/en\/wp-json\/wp\/v2\/product\/2657","targetHints":{"allow":["GET"]}}],"collection":[{"href":"https:\/\/verton.pl\/en\/wp-json\/wp\/v2\/product"}],"about":[{"href":"https:\/\/verton.pl\/en\/wp-json\/wp\/v2\/types\/product"}],"wp:featuredmedia":[{"embeddable":true,"href":"https:\/\/verton.pl\/en\/wp-json\/wp\/v2\/media\/2526"}],"wp:attachment":[{"href":"https:\/\/verton.pl\/en\/wp-json\/wp\/v2\/media?parent=2657"}],"wp:term":[{"taxonomy":"product_brand","embeddable":true,"href":"https:\/\/verton.pl\/en\/wp-json\/wp\/v2\/product_brand?post=2657"},{"taxonomy":"product_cat","embeddable":true,"href":"https:\/\/verton.pl\/en\/wp-json\/wp\/v2\/product_cat?post=2657"},{"taxonomy":"product_tag","embeddable":true,"href":"https:\/\/verton.pl\/en\/wp-json\/wp\/v2\/product_tag?post=2657"}],"curies":[{"name":"wp","href":"https:\/\/api.w.org\/{rel}","templated":true}]}}