{"id":2653,"date":"2023-08-07T13:37:10","date_gmt":"2023-08-07T13:37:10","guid":{"rendered":"https:\/\/fhh.znl.mybluehost.me\/produkt\/material-plandekowy-pvc-niepalny\/"},"modified":"2023-09-18T19:15:34","modified_gmt":"2023-09-18T19:15:34","slug":"pvc-coated-tarpaulin-material-flame-retardant","status":"publish","type":"product","link":"https:\/\/verton.pl\/en\/produkt\/pvc-coated-tarpaulin-material-flame-retardant\/","title":{"rendered":"PVC COATED TARPAULIN MATERIAL FLAME RETARDANT"},"content":{"rendered":"<p><img decoding=\"async\" loading=\"lazy\" class=\"alignnone size-full wp-image-2534\" src=\"https:\/\/fhh.znl.mybluehost.me\/wp-content\/uploads\/2023\/08\/material-plandekowy-pvc-niepalny-tab.webp\" alt=\"\" width=\"600\" height=\"164\" srcset=\"https:\/\/verton.pl\/wp-content\/uploads\/2023\/08\/material-plandekowy-pvc-niepalny-tab.webp 600w, https:\/\/verton.pl\/wp-content\/uploads\/2023\/08\/material-plandekowy-pvc-niepalny-tab-500x137.webp 500w, https:\/\/verton.pl\/wp-content\/uploads\/2023\/08\/material-plandekowy-pvc-niepalny-tab-150x41.webp 150w, https:\/\/verton.pl\/wp-content\/uploads\/2023\/08\/material-plandekowy-pvc-niepalny-tab-480x131.webp 480w\" sizes=\"auto, (max-width:767px) 480px, 600px\" \/><\/p>\n","protected":false},"excerpt":{"rendered":"","protected":false},"featured_media":0,"template":"","meta":{"nf_dc_page":""},"product_brand":[],"product_cat":[171],"product_tag":[],"class_list":{"0":"post-2653","1":"product","2":"type-product","3":"status-publish","5":"product_cat-tarpaulin-fabrics","7":"first","8":"instock","9":"shipping-taxable","10":"product-type-simple"},"yoast_head":"<!-- This site is optimized with the Yoast SEO plugin v27.2 - https:\/\/yoast.com\/product\/yoast-seo-wordpress\/ -->\n<title>PVC COATED TARPAULIN MATERIAL FLAME RETARDANT - Verton<\/title>\n<meta name=\"description\" content=\"PVC COATED TARPAULIN MATERIAL FLAME RETARDANT\" \/>\n<meta name=\"robots\" content=\"index, follow, max-snippet:-1, max-image-preview:large, max-video-preview:-1\" \/>\n<link rel=\"canonical\" href=\"https:\/\/verton.pl\/en\/produkt\/pvc-coated-tarpaulin-material-flame-retardant\/\" \/>\n<meta property=\"og:locale\" content=\"en_US\" \/>\n<meta property=\"og:type\" content=\"article\" \/>\n<meta property=\"og:title\" content=\"PVC COATED TARPAULIN MATERIAL FLAME RETARDANT - Verton\" \/>\n<meta property=\"og:description\" content=\"PVC COATED TARPAULIN MATERIAL FLAME RETARDANT\" \/>\n<meta property=\"og:url\" content=\"https:\/\/verton.pl\/en\/produkt\/pvc-coated-tarpaulin-material-flame-retardant\/\" \/>\n<meta property=\"og:site_name\" content=\"Verton - producent akcesori\u00f3w plandekowych\" \/>\n<meta property=\"article:modified_time\" content=\"2023-09-18T19:15:34+00:00\" \/>\n<meta property=\"og:image\" content=\"https:\/\/fhh.znl.mybluehost.me\/wp-content\/uploads\/2023\/08\/material-plandekowy-pvc-niepalny-tab.webp\" \/>\n<meta name=\"twitter:card\" content=\"summary_large_image\" \/>\n<script type=\"application\/ld+json\" class=\"yoast-schema-graph\">{\"@context\":\"https:\/\/schema.org\",\"@graph\":[{\"@type\":\"WebPage\",\"@id\":\"https:\/\/verton.pl\/en\/produkt\/pvc-coated-tarpaulin-material-flame-retardant\/\",\"url\":\"https:\/\/verton.pl\/en\/produkt\/pvc-coated-tarpaulin-material-flame-retardant\/\",\"name\":\"PVC COATED TARPAULIN MATERIAL FLAME RETARDANT - Verton\",\"isPartOf\":{\"@id\":\"https:\/\/verton.pl\/en\/#website\"},\"primaryImageOfPage\":{\"@id\":\"https:\/\/verton.pl\/en\/produkt\/pvc-coated-tarpaulin-material-flame-retardant\/#primaryimage\"},\"image\":{\"@id\":\"https:\/\/verton.pl\/en\/produkt\/pvc-coated-tarpaulin-material-flame-retardant\/#primaryimage\"},\"thumbnailUrl\":\"https:\/\/fhh.znl.mybluehost.me\/wp-content\/uploads\/2023\/08\/material-plandekowy-pvc-niepalny-tab.webp\",\"datePublished\":\"2023-08-07T13:37:10+00:00\",\"dateModified\":\"2023-09-18T19:15:34+00:00\",\"description\":\"PVC COATED TARPAULIN MATERIAL FLAME RETARDANT\",\"breadcrumb\":{\"@id\":\"https:\/\/verton.pl\/en\/produkt\/pvc-coated-tarpaulin-material-flame-retardant\/#breadcrumb\"},\"inLanguage\":\"en-US\",\"potentialAction\":[{\"@type\":\"ReadAction\",\"target\":[\"https:\/\/verton.pl\/en\/produkt\/pvc-coated-tarpaulin-material-flame-retardant\/\"]}]},{\"@type\":\"ImageObject\",\"inLanguage\":\"en-US\",\"@id\":\"https:\/\/verton.pl\/en\/produkt\/pvc-coated-tarpaulin-material-flame-retardant\/#primaryimage\",\"url\":\"https:\/\/fhh.znl.mybluehost.me\/wp-content\/uploads\/2023\/08\/material-plandekowy-pvc-niepalny-tab.webp\",\"contentUrl\":\"https:\/\/fhh.znl.mybluehost.me\/wp-content\/uploads\/2023\/08\/material-plandekowy-pvc-niepalny-tab.webp\"},{\"@type\":\"BreadcrumbList\",\"@id\":\"https:\/\/verton.pl\/en\/produkt\/pvc-coated-tarpaulin-material-flame-retardant\/#breadcrumb\",\"itemListElement\":[{\"@type\":\"ListItem\",\"position\":1,\"name\":\"Home\",\"item\":\"https:\/\/verton.pl\/en\/\"},{\"@type\":\"ListItem\",\"position\":2,\"name\":\"Products\",\"item\":\"https:\/\/verton.pl\/en\/products\/\"},{\"@type\":\"ListItem\",\"position\":3,\"name\":\"PVC COATED TARPAULIN MATERIAL FLAME RETARDANT\"}]},{\"@type\":\"WebSite\",\"@id\":\"https:\/\/verton.pl\/en\/#website\",\"url\":\"https:\/\/verton.pl\/en\/\",\"name\":\"Verton - producent akcesori\u00f3w plandekowych\",\"description\":\"Najwy\u017cszej jako\u015bci akcesoria plandekowe i materia\u0142y PVC.\",\"alternateName\":\"Verton - akcesoria plandekowe\",\"potentialAction\":[{\"@type\":\"SearchAction\",\"target\":{\"@type\":\"EntryPoint\",\"urlTemplate\":\"https:\/\/verton.pl\/en\/?s={search_term_string}\"},\"query-input\":{\"@type\":\"PropertyValueSpecification\",\"valueRequired\":true,\"valueName\":\"search_term_string\"}}],\"inLanguage\":\"en-US\"}]}<\/script>\n<!-- \/ Yoast SEO plugin. -->","yoast_head_json":{"title":"PVC COATED TARPAULIN MATERIAL FLAME RETARDANT - Verton","description":"PVC COATED TARPAULIN MATERIAL FLAME RETARDANT","robots":{"index":"index","follow":"follow","max-snippet":"max-snippet:-1","max-image-preview":"max-image-preview:large","max-video-preview":"max-video-preview:-1"},"canonical":"https:\/\/verton.pl\/en\/produkt\/pvc-coated-tarpaulin-material-flame-retardant\/","og_locale":"en_US","og_type":"article","og_title":"PVC COATED TARPAULIN MATERIAL FLAME RETARDANT - Verton","og_description":"PVC COATED TARPAULIN MATERIAL FLAME RETARDANT","og_url":"https:\/\/verton.pl\/en\/produkt\/pvc-coated-tarpaulin-material-flame-retardant\/","og_site_name":"Verton - producent akcesori\u00f3w plandekowych","article_modified_time":"2023-09-18T19:15:34+00:00","og_image":[{"url":"https:\/\/fhh.znl.mybluehost.me\/wp-content\/uploads\/2023\/08\/material-plandekowy-pvc-niepalny-tab.webp","type":"","width":"","height":""}],"twitter_card":"summary_large_image","schema":{"@context":"https:\/\/schema.org","@graph":[{"@type":"WebPage","@id":"https:\/\/verton.pl\/en\/produkt\/pvc-coated-tarpaulin-material-flame-retardant\/","url":"https:\/\/verton.pl\/en\/produkt\/pvc-coated-tarpaulin-material-flame-retardant\/","name":"PVC COATED TARPAULIN MATERIAL FLAME RETARDANT - Verton","isPartOf":{"@id":"https:\/\/verton.pl\/en\/#website"},"primaryImageOfPage":{"@id":"https:\/\/verton.pl\/en\/produkt\/pvc-coated-tarpaulin-material-flame-retardant\/#primaryimage"},"image":{"@id":"https:\/\/verton.pl\/en\/produkt\/pvc-coated-tarpaulin-material-flame-retardant\/#primaryimage"},"thumbnailUrl":"https:\/\/fhh.znl.mybluehost.me\/wp-content\/uploads\/2023\/08\/material-plandekowy-pvc-niepalny-tab.webp","datePublished":"2023-08-07T13:37:10+00:00","dateModified":"2023-09-18T19:15:34+00:00","description":"PVC COATED TARPAULIN MATERIAL FLAME RETARDANT","breadcrumb":{"@id":"https:\/\/verton.pl\/en\/produkt\/pvc-coated-tarpaulin-material-flame-retardant\/#breadcrumb"},"inLanguage":"en-US","potentialAction":[{"@type":"ReadAction","target":["https:\/\/verton.pl\/en\/produkt\/pvc-coated-tarpaulin-material-flame-retardant\/"]}]},{"@type":"ImageObject","inLanguage":"en-US","@id":"https:\/\/verton.pl\/en\/produkt\/pvc-coated-tarpaulin-material-flame-retardant\/#primaryimage","url":"https:\/\/fhh.znl.mybluehost.me\/wp-content\/uploads\/2023\/08\/material-plandekowy-pvc-niepalny-tab.webp","contentUrl":"https:\/\/fhh.znl.mybluehost.me\/wp-content\/uploads\/2023\/08\/material-plandekowy-pvc-niepalny-tab.webp"},{"@type":"BreadcrumbList","@id":"https:\/\/verton.pl\/en\/produkt\/pvc-coated-tarpaulin-material-flame-retardant\/#breadcrumb","itemListElement":[{"@type":"ListItem","position":1,"name":"Home","item":"https:\/\/verton.pl\/en\/"},{"@type":"ListItem","position":2,"name":"Products","item":"https:\/\/verton.pl\/en\/products\/"},{"@type":"ListItem","position":3,"name":"PVC COATED TARPAULIN MATERIAL FLAME RETARDANT"}]},{"@type":"WebSite","@id":"https:\/\/verton.pl\/en\/#website","url":"https:\/\/verton.pl\/en\/","name":"Verton - producent akcesori\u00f3w plandekowych","description":"Najwy\u017cszej jako\u015bci akcesoria plandekowe i materia\u0142y PVC.","alternateName":"Verton - akcesoria plandekowe","potentialAction":[{"@type":"SearchAction","target":{"@type":"EntryPoint","urlTemplate":"https:\/\/verton.pl\/en\/?s={search_term_string}"},"query-input":{"@type":"PropertyValueSpecification","valueRequired":true,"valueName":"search_term_string"}}],"inLanguage":"en-US"}]}},"_links":{"self":[{"href":"https:\/\/verton.pl\/en\/wp-json\/wp\/v2\/product\/2653","targetHints":{"allow":["GET"]}}],"collection":[{"href":"https:\/\/verton.pl\/en\/wp-json\/wp\/v2\/product"}],"about":[{"href":"https:\/\/verton.pl\/en\/wp-json\/wp\/v2\/types\/product"}],"wp:attachment":[{"href":"https:\/\/verton.pl\/en\/wp-json\/wp\/v2\/media?parent=2653"}],"wp:term":[{"taxonomy":"product_brand","embeddable":true,"href":"https:\/\/verton.pl\/en\/wp-json\/wp\/v2\/product_brand?post=2653"},{"taxonomy":"product_cat","embeddable":true,"href":"https:\/\/verton.pl\/en\/wp-json\/wp\/v2\/product_cat?post=2653"},{"taxonomy":"product_tag","embeddable":true,"href":"https:\/\/verton.pl\/en\/wp-json\/wp\/v2\/product_tag?post=2653"}],"curies":[{"name":"wp","href":"https:\/\/api.w.org\/{rel}","templated":true}]}}